{"id":1229,"date":"2021-10-18T16:08:20","date_gmt":"2021-10-18T16:08:20","guid":{"rendered":"https:\/\/schematherapie-f\u00fcr-kinder.de\/?page_id=1229"},"modified":"2024-03-18T10:16:50","modified_gmt":"2024-03-18T10:16:50","slug":"e-learning","status":"publish","type":"page","link":"https:\/\/schematherapie-f\u00fcr-kinder.de\/?page_id=1229","title":{"rendered":"E-Learning"},"content":{"rendered":"\t\t<div data-elementor-type=\"wp-page\" data-elementor-id=\"1229\" class=\"elementor elementor-1229\">\n\t\t\t\t\t\t<section class=\"elementor-section elementor-top-section elementor-element elementor-element-4134f49 animated-slow elementor-section-boxed elementor-section-height-default elementor-section-height-default elementor-invisible\" data-id=\"4134f49\" data-element_type=\"section\" data-e-type=\"section\" data-settings=\"{&quot;animation&quot;:&quot;zoomIn&quot;}\">\n\t\t\t\t\t\t<div class=\"elementor-container elementor-column-gap-default\">\n\t\t\t\t\t<div class=\"elementor-column elementor-col-100 elementor-top-column elementor-element elementor-element-753900c\" data-id=\"753900c\" data-element_type=\"column\" data-e-type=\"column\">\n\t\t\t<div class=\"elementor-widget-wrap elementor-element-populated\">\n\t\t\t\t\t\t<div class=\"elementor-element elementor-element-024fe4d elementor-widget elementor-widget-image\" data-id=\"024fe4d\" data-element_type=\"widget\" data-e-type=\"widget\" data-widget_type=\"image.default\">\n\t\t\t\t<div class=\"elementor-widget-container\">\n\t\t\t\t\t\t\t\t\t\t\t\t\t\t\t\t<a href=\"https:\/\/schematherapie-f\u00fcr-kinder.de\/wp-content\/uploads\/2022\/05\/ST-KJ_Clevermodus-Cup.pdf\" target=\"_blank\">\n\t\t\t\t\t\t\t<img fetchpriority=\"high\" decoding=\"async\" width=\"768\" height=\"433\" src=\"https:\/\/schematherapie-f\u00fcr-kinder.de\/wp-content\/uploads\/2021\/10\/image010-768x433.jpg\" class=\"attachment-medium_large size-medium_large wp-image-1231\" alt=\"\" srcset=\"https:\/\/schematherapie-f\u00fcr-kinder.de\/wp-content\/uploads\/2021\/10\/image010-768x433.jpg 768w, https:\/\/schematherapie-f\u00fcr-kinder.de\/wp-content\/uploads\/2021\/10\/image010-300x169.jpg 300w, https:\/\/schematherapie-f\u00fcr-kinder.de\/wp-content\/uploads\/2021\/10\/image010.jpg 781w\" sizes=\"(max-width: 768px) 100vw, 768px\" \/>\t\t\t\t\t\t\t\t<\/a>\n\t\t\t\t\t\t\t\t\t\t\t\t\t\t\t<\/div>\n\t\t\t\t<\/div>\n\t\t\t\t\t<\/div>\n\t\t<\/div>\n\t\t\t\t\t<\/div>\n\t\t<\/section>\n\t\t\t\t<section class=\"elementor-section elementor-top-section elementor-element elementor-element-e61ca5d elementor-section-boxed elementor-section-height-default elementor-section-height-default elementor-invisible\" data-id=\"e61ca5d\" data-element_type=\"section\" data-e-type=\"section\" data-settings=\"{&quot;animation&quot;:&quot;fadeInUp&quot;}\">\n\t\t\t\t\t\t<div class=\"elementor-container elementor-column-gap-default\">\n\t\t\t\t\t<div class=\"elementor-column elementor-col-100 elementor-top-column elementor-element elementor-element-682b8c2\" data-id=\"682b8c2\" data-element_type=\"column\" data-e-type=\"column\">\n\t\t\t<div class=\"elementor-widget-wrap elementor-element-populated\">\n\t\t\t\t\t\t<div class=\"elementor-element elementor-element-91cedf3 elementor-widget elementor-widget-text-editor\" data-id=\"91cedf3\" data-element_type=\"widget\" data-e-type=\"widget\" data-widget_type=\"text-editor.default\">\n\t\t\t\t<div class=\"elementor-widget-container\">\n\t\t\t\t\t\t\t\t\t<p>&nbsp;<\/p>\n<h2>Aktion bis 22.05.2022: Freier Zugang zur Vollversion!<\/h2>\n<p>\u201a<em>Spiele und Lerne<\/em>\u2018 ist ein Spiel \u00fcber die Schematherapie f\u00fcr Kinder und Jugendliche (ST-KJ) Mit dem Spiel k\u00f6nnt Ihr euer gelerntes Wissen aus den Kursen, Trainings, Seminaren, Workshops und\/oder Supervisionen zur ST-KJ erweitern, vertiefen und festigen.<\/p>\n<p><em>Wie funktioniert das Spiel?<\/em><\/p>\n<p>Du wirst ein Spielfeld mit verschiedenen Bildern sehen (Nummer 1.-12.). Um das Spiel zu durchlaufen, klicke bitte nacheinander auf die Bilder. Du wirst automatisch zu unseren Kahoot-Quizzes weitergeleitet, die sich auf verschiedene Themen rund um die ST-KJ beziehen. Zudem begegnest du unterwegs drei Online-Assessments (Tests), mit denen du dein erlerntes Wissen mit ca. 20 Fragen noch einmal auf die Probe stellen kannst. Wenn du 70% richtig beantwortet hast, erh\u00e4ltst du sogar ein Zertifikat <img decoding=\"async\" draggable=\"false\" role=\"img\" class=\"emoji\" alt=\"\ud83d\ude0a\" src=\"https:\/\/s.w.org\/images\/core\/emoji\/13.1.0\/svg\/1f60a.svg\">.<\/p>\n<p>Das Spiel eignet sich daher nicht nur gut dazu bereits Gelerntes zu festigen, sondern bietet euch auch die Chance euren Wissensstand selbst zu \u00fcberpr\u00fcfen und eventuelle L\u00fccken zu schlie\u00dfen.<\/p>\n<p><strong>Klicke auf das obige Bild, um einen Eindruck von dem Spiel zu bekommen. <\/strong><\/p>\n<p><strong>Voraussetzung f\u00fcr die Vollversion ist ein Seminar- oder Workshopbesuch in ST-KJ mit Seminarleiter Christof Loose. F\u00fcr die Vollversion des Spiels gen\u00fcgt dann eine Mail an <a href=\"mailto:assistenz@psychotherapie-loose.de\">assistenz@psychotherapie-loose.de<\/a>&nbsp;mit der Angabe des Kurses an dem ihr teilgenommen habt bzw. teilnehmen werdet.&nbsp;<\/strong><\/p>\n<h1><br><\/h1>\t\t\t\t\t\t\t\t<\/div>\n\t\t\t\t<\/div>\n\t\t\t\t\t<\/div>\n\t\t<\/div>\n\t\t\t\t\t<\/div>\n\t\t<\/section>\n\t\t\t\t<\/div>\n\t\t","protected":false},"excerpt":{"rendered":"<p>&nbsp; Aktion bis 22.05.2022: Freier Zugang zur Vollversion! \u201aSpiele und Lerne\u2018 ist ein Spiel \u00fcber die Schematherapie f\u00fcr Kinder und Jugendliche (ST-KJ) Mit dem Spiel k\u00f6nnt Ihr euer gelerntes Wissen aus den Kursen, Trainings, Seminaren, Workshops und\/oder Supervisionen zur ST-KJ erweitern, vertiefen und festigen. Wie funktioniert das Spiel? Du wirst ein Spielfeld mit verschiedenen Bildern [&hellip;]<\/p>\n","protected":false},"author":3,"featured_media":1545,"parent":0,"menu_order":0,"comment_status":"closed","ping_status":"closed","template":"","meta":{"footnotes":""},"class_list":["post-1229","page","type-page","status-publish","has-post-thumbnail","hentry"],"yoast_head":"<!-- This site is optimized with the Yoast SEO plugin v27.3 - https:\/\/yoast.com\/product\/yoast-seo-wordpress\/ -->\n<title>E-Learning - Schematherapie D\u00fcsseldorf<\/title>\n<meta name=\"robots\" content=\"index, follow, max-snippet:-1, max-image-preview:large, max-video-preview:-1\" \/>\n<link rel=\"canonical\" href=\"https:\/\/schematherapie-f\u00fcr-kinder.de\/?page_id=1229\" \/>\n<meta property=\"og:locale\" content=\"de_DE\" \/>\n<meta property=\"og:type\" content=\"article\" \/>\n<meta property=\"og:title\" content=\"E-Learning - Schematherapie D\u00fcsseldorf\" \/>\n<meta property=\"og:description\" content=\"&nbsp; Aktion bis 22.05.2022: Freier Zugang zur Vollversion! \u201aSpiele und Lerne\u2018 ist ein Spiel \u00fcber die Schematherapie f\u00fcr Kinder und Jugendliche (ST-KJ) Mit dem Spiel k\u00f6nnt Ihr euer gelerntes Wissen aus den Kursen, Trainings, Seminaren, Workshops und\/oder Supervisionen zur ST-KJ erweitern, vertiefen und festigen. Wie funktioniert das Spiel? Du wirst ein Spielfeld mit verschiedenen Bildern [&hellip;]\" \/>\n<meta property=\"og:url\" content=\"https:\/\/schematherapie-f\u00fcr-kinder.de\/?page_id=1229\" \/>\n<meta property=\"og:site_name\" content=\"Schematherapie D\u00fcsseldorf\" \/>\n<meta property=\"article:publisher\" content=\"https:\/\/www.facebook.com\/schematherapyforchildren\/\" \/>\n<meta property=\"article:modified_time\" content=\"2024-03-18T10:16:50+00:00\" \/>\n<meta property=\"og:image\" content=\"https:\/\/schematherapie-f\u00fcr-kinder.de\/wp-content\/uploads\/2024\/03\/charlesdeluvio-Lks7vei-eAg-unsplash-scaled.jpg\" \/>\n\t<meta property=\"og:image:width\" content=\"2560\" \/>\n\t<meta property=\"og:image:height\" content=\"1707\" \/>\n\t<meta property=\"og:image:type\" content=\"image\/jpeg\" \/>\n<meta name=\"twitter:card\" content=\"summary_large_image\" \/>\n<meta name=\"twitter:site\" content=\"@christofloose\" \/>\n<meta name=\"twitter:label1\" content=\"Gesch\u00e4tzte Lesezeit\" \/>\n\t<meta name=\"twitter:data1\" content=\"1\u00a0Minute\" \/>\n<script type=\"application\/ld+json\" class=\"yoast-schema-graph\">{\"@context\":\"https:\\\/\\\/schema.org\",\"@graph\":[{\"@type\":\"WebPage\",\"@id\":\"https:\\\/\\\/schematherapie-f\u00fcr-kinder.de\\\/?page_id=1229\",\"url\":\"https:\\\/\\\/schematherapie-f\u00fcr-kinder.de\\\/?page_id=1229\",\"name\":\"E-Learning - Schematherapie D\u00fcsseldorf\",\"isPartOf\":{\"@id\":\"https:\\\/\\\/schematherapie-f\u00fcr-kinder.de\\\/#website\"},\"primaryImageOfPage\":{\"@id\":\"https:\\\/\\\/schematherapie-f\u00fcr-kinder.de\\\/?page_id=1229#primaryimage\"},\"image\":{\"@id\":\"https:\\\/\\\/schematherapie-f\u00fcr-kinder.de\\\/?page_id=1229#primaryimage\"},\"thumbnailUrl\":\"https:\\\/\\\/schematherapie-f\u00fcr-kinder.de\\\/wp-content\\\/uploads\\\/2024\\\/03\\\/charlesdeluvio-Lks7vei-eAg-unsplash-scaled.jpg\",\"datePublished\":\"2021-10-18T16:08:20+00:00\",\"dateModified\":\"2024-03-18T10:16:50+00:00\",\"breadcrumb\":{\"@id\":\"https:\\\/\\\/schematherapie-f\u00fcr-kinder.de\\\/?page_id=1229#breadcrumb\"},\"inLanguage\":\"de\",\"potentialAction\":[{\"@type\":\"ReadAction\",\"target\":[\"https:\\\/\\\/schematherapie-f\u00fcr-kinder.de\\\/?page_id=1229\"]}]},{\"@type\":\"ImageObject\",\"inLanguage\":\"de\",\"@id\":\"https:\\\/\\\/schematherapie-f\u00fcr-kinder.de\\\/?page_id=1229#primaryimage\",\"url\":\"https:\\\/\\\/schematherapie-f\u00fcr-kinder.de\\\/wp-content\\\/uploads\\\/2024\\\/03\\\/charlesdeluvio-Lks7vei-eAg-unsplash-scaled.jpg\",\"contentUrl\":\"https:\\\/\\\/schematherapie-f\u00fcr-kinder.de\\\/wp-content\\\/uploads\\\/2024\\\/03\\\/charlesdeluvio-Lks7vei-eAg-unsplash-scaled.jpg\",\"width\":2560,\"height\":1707},{\"@type\":\"BreadcrumbList\",\"@id\":\"https:\\\/\\\/schematherapie-f\u00fcr-kinder.de\\\/?page_id=1229#breadcrumb\",\"itemListElement\":[{\"@type\":\"ListItem\",\"position\":1,\"name\":\"Startseite\",\"item\":\"https:\\\/\\\/schematherapie-f\u00fcr-kinder.de\\\/\"},{\"@type\":\"ListItem\",\"position\":2,\"name\":\"E-Learning\"}]},{\"@type\":\"WebSite\",\"@id\":\"https:\\\/\\\/schematherapie-f\u00fcr-kinder.de\\\/#website\",\"url\":\"https:\\\/\\\/schematherapie-f\u00fcr-kinder.de\\\/\",\"name\":\"Schematherapie D\u00fcsseldorf\",\"description\":\"Dr. Christof Loose I Kinder- und Jugendlichenpsychotherapeut\",\"publisher\":{\"@id\":\"https:\\\/\\\/schematherapie-f\u00fcr-kinder.de\\\/#organization\"},\"potentialAction\":[{\"@type\":\"SearchAction\",\"target\":{\"@type\":\"EntryPoint\",\"urlTemplate\":\"https:\\\/\\\/schematherapie-f\u00fcr-kinder.de\\\/?s={search_term_string}\"},\"query-input\":{\"@type\":\"PropertyValueSpecification\",\"valueRequired\":true,\"valueName\":\"search_term_string\"}}],\"inLanguage\":\"de\"},{\"@type\":\"Organization\",\"@id\":\"https:\\\/\\\/schematherapie-f\u00fcr-kinder.de\\\/#organization\",\"name\":\"Schematherapie D\u00fcsseldorf Dr. Christof Loose\",\"url\":\"https:\\\/\\\/schematherapie-f\u00fcr-kinder.de\\\/\",\"logo\":{\"@type\":\"ImageObject\",\"inLanguage\":\"de\",\"@id\":\"https:\\\/\\\/schematherapie-f\u00fcr-kinder.de\\\/#\\\/schema\\\/logo\\\/image\\\/\",\"url\":\"https:\\\/\\\/schematherapie-f\u00fcr-kinder.de\\\/wp-content\\\/uploads\\\/2020\\\/03\\\/cropped-image452-1.png\",\"contentUrl\":\"https:\\\/\\\/schematherapie-f\u00fcr-kinder.de\\\/wp-content\\\/uploads\\\/2020\\\/03\\\/cropped-image452-1.png\",\"width\":221,\"height\":239,\"caption\":\"Schematherapie D\u00fcsseldorf Dr. Christof Loose\"},\"image\":{\"@id\":\"https:\\\/\\\/schematherapie-f\u00fcr-kinder.de\\\/#\\\/schema\\\/logo\\\/image\\\/\"},\"sameAs\":[\"https:\\\/\\\/www.facebook.com\\\/schematherapyforchildren\\\/\",\"https:\\\/\\\/x.com\\\/christofloose\"]}]}<\/script>\n<!-- \/ Yoast SEO plugin. -->","yoast_head_json":{"title":"E-Learning - Schematherapie D\u00fcsseldorf","robots":{"index":"index","follow":"follow","max-snippet":"max-snippet:-1","max-image-preview":"max-image-preview:large","max-video-preview":"max-video-preview:-1"},"canonical":"https:\/\/schematherapie-f\u00fcr-kinder.de\/?page_id=1229","og_locale":"de_DE","og_type":"article","og_title":"E-Learning - Schematherapie D\u00fcsseldorf","og_description":"&nbsp; Aktion bis 22.05.2022: Freier Zugang zur Vollversion! \u201aSpiele und Lerne\u2018 ist ein Spiel \u00fcber die Schematherapie f\u00fcr Kinder und Jugendliche (ST-KJ) Mit dem Spiel k\u00f6nnt Ihr euer gelerntes Wissen aus den Kursen, Trainings, Seminaren, Workshops und\/oder Supervisionen zur ST-KJ erweitern, vertiefen und festigen. Wie funktioniert das Spiel? Du wirst ein Spielfeld mit verschiedenen Bildern [&hellip;]","og_url":"https:\/\/schematherapie-f\u00fcr-kinder.de\/?page_id=1229","og_site_name":"Schematherapie D\u00fcsseldorf","article_publisher":"https:\/\/www.facebook.com\/schematherapyforchildren\/","article_modified_time":"2024-03-18T10:16:50+00:00","og_image":[{"width":2560,"height":1707,"url":"https:\/\/schematherapie-f\u00fcr-kinder.de\/wp-content\/uploads\/2024\/03\/charlesdeluvio-Lks7vei-eAg-unsplash-scaled.jpg","type":"image\/jpeg"}],"twitter_card":"summary_large_image","twitter_site":"@christofloose","twitter_misc":{"Gesch\u00e4tzte Lesezeit":"1\u00a0Minute"},"schema":{"@context":"https:\/\/schema.org","@graph":[{"@type":"WebPage","@id":"https:\/\/schematherapie-f\u00fcr-kinder.de\/?page_id=1229","url":"https:\/\/schematherapie-f\u00fcr-kinder.de\/?page_id=1229","name":"E-Learning - Schematherapie D\u00fcsseldorf","isPartOf":{"@id":"https:\/\/schematherapie-f\u00fcr-kinder.de\/#website"},"primaryImageOfPage":{"@id":"https:\/\/schematherapie-f\u00fcr-kinder.de\/?page_id=1229#primaryimage"},"image":{"@id":"https:\/\/schematherapie-f\u00fcr-kinder.de\/?page_id=1229#primaryimage"},"thumbnailUrl":"https:\/\/schematherapie-f\u00fcr-kinder.de\/wp-content\/uploads\/2024\/03\/charlesdeluvio-Lks7vei-eAg-unsplash-scaled.jpg","datePublished":"2021-10-18T16:08:20+00:00","dateModified":"2024-03-18T10:16:50+00:00","breadcrumb":{"@id":"https:\/\/schematherapie-f\u00fcr-kinder.de\/?page_id=1229#breadcrumb"},"inLanguage":"de","potentialAction":[{"@type":"ReadAction","target":["https:\/\/schematherapie-f\u00fcr-kinder.de\/?page_id=1229"]}]},{"@type":"ImageObject","inLanguage":"de","@id":"https:\/\/schematherapie-f\u00fcr-kinder.de\/?page_id=1229#primaryimage","url":"https:\/\/schematherapie-f\u00fcr-kinder.de\/wp-content\/uploads\/2024\/03\/charlesdeluvio-Lks7vei-eAg-unsplash-scaled.jpg","contentUrl":"https:\/\/schematherapie-f\u00fcr-kinder.de\/wp-content\/uploads\/2024\/03\/charlesdeluvio-Lks7vei-eAg-unsplash-scaled.jpg","width":2560,"height":1707},{"@type":"BreadcrumbList","@id":"https:\/\/schematherapie-f\u00fcr-kinder.de\/?page_id=1229#breadcrumb","itemListElement":[{"@type":"ListItem","position":1,"name":"Startseite","item":"https:\/\/schematherapie-f\u00fcr-kinder.de\/"},{"@type":"ListItem","position":2,"name":"E-Learning"}]},{"@type":"WebSite","@id":"https:\/\/schematherapie-f\u00fcr-kinder.de\/#website","url":"https:\/\/schematherapie-f\u00fcr-kinder.de\/","name":"Schematherapie D\u00fcsseldorf","description":"Dr. Christof Loose I Kinder- und Jugendlichenpsychotherapeut","publisher":{"@id":"https:\/\/schematherapie-f\u00fcr-kinder.de\/#organization"},"potentialAction":[{"@type":"SearchAction","target":{"@type":"EntryPoint","urlTemplate":"https:\/\/schematherapie-f\u00fcr-kinder.de\/?s={search_term_string}"},"query-input":{"@type":"PropertyValueSpecification","valueRequired":true,"valueName":"search_term_string"}}],"inLanguage":"de"},{"@type":"Organization","@id":"https:\/\/schematherapie-f\u00fcr-kinder.de\/#organization","name":"Schematherapie D\u00fcsseldorf Dr. Christof Loose","url":"https:\/\/schematherapie-f\u00fcr-kinder.de\/","logo":{"@type":"ImageObject","inLanguage":"de","@id":"https:\/\/schematherapie-f\u00fcr-kinder.de\/#\/schema\/logo\/image\/","url":"https:\/\/schematherapie-f\u00fcr-kinder.de\/wp-content\/uploads\/2020\/03\/cropped-image452-1.png","contentUrl":"https:\/\/schematherapie-f\u00fcr-kinder.de\/wp-content\/uploads\/2020\/03\/cropped-image452-1.png","width":221,"height":239,"caption":"Schematherapie D\u00fcsseldorf Dr. Christof Loose"},"image":{"@id":"https:\/\/schematherapie-f\u00fcr-kinder.de\/#\/schema\/logo\/image\/"},"sameAs":["https:\/\/www.facebook.com\/schematherapyforchildren\/","https:\/\/x.com\/christofloose"]}]}},"_links":{"self":[{"href":"https:\/\/schematherapie-f\u00fcr-kinder.de\/index.php?rest_route=\/wp\/v2\/pages\/1229","targetHints":{"allow":["GET"]}}],"collection":[{"href":"https:\/\/schematherapie-f\u00fcr-kinder.de\/index.php?rest_route=\/wp\/v2\/pages"}],"about":[{"href":"https:\/\/schematherapie-f\u00fcr-kinder.de\/index.php?rest_route=\/wp\/v2\/types\/page"}],"author":[{"embeddable":true,"href":"https:\/\/schematherapie-f\u00fcr-kinder.de\/index.php?rest_route=\/wp\/v2\/users\/3"}],"replies":[{"embeddable":true,"href":"https:\/\/schematherapie-f\u00fcr-kinder.de\/index.php?rest_route=%2Fwp%2Fv2%2Fcomments&post=1229"}],"version-history":[{"count":34,"href":"https:\/\/schematherapie-f\u00fcr-kinder.de\/index.php?rest_route=\/wp\/v2\/pages\/1229\/revisions"}],"predecessor-version":[{"id":1548,"href":"https:\/\/schematherapie-f\u00fcr-kinder.de\/index.php?rest_route=\/wp\/v2\/pages\/1229\/revisions\/1548"}],"wp:featuredmedia":[{"embeddable":true,"href":"https:\/\/schematherapie-f\u00fcr-kinder.de\/index.php?rest_route=\/wp\/v2\/media\/1545"}],"wp:attachment":[{"href":"https:\/\/schematherapie-f\u00fcr-kinder.de\/index.php?rest_route=%2Fwp%2Fv2%2Fmedia&parent=1229"}],"curies":[{"name":"wp","href":"https:\/\/api.w.org\/{rel}","templated":true}]}}