{"id":423,"date":"2020-03-02T15:06:40","date_gmt":"2020-03-02T15:06:40","guid":{"rendered":"https:\/\/fortbildung-loose.de\/?page_id=423"},"modified":"2025-07-11T10:36:39","modified_gmt":"2025-07-11T10:36:39","slug":"persoenliches","status":"publish","type":"page","link":"https:\/\/schematherapie-f\u00fcr-kinder.de\/?page_id=423","title":{"rendered":"Berufliche Vita"},"content":{"rendered":"\t\t<div data-elementor-type=\"wp-page\" data-elementor-id=\"423\" class=\"elementor elementor-423\">\n\t\t\t\t\t\t<section class=\"elementor-section elementor-top-section elementor-element elementor-element-7b53a02 elementor-section-boxed elementor-section-height-default elementor-section-height-default\" data-id=\"7b53a02\" data-element_type=\"section\" data-e-type=\"section\">\n\t\t\t\t\t\t<div class=\"elementor-container elementor-column-gap-default\">\n\t\t\t\t\t<div class=\"elementor-column elementor-col-100 elementor-top-column elementor-element elementor-element-dfce040\" data-id=\"dfce040\" data-element_type=\"column\" data-e-type=\"column\">\n\t\t\t<div class=\"elementor-widget-wrap\">\n\t\t\t\t\t\t\t<\/div>\n\t\t<\/div>\n\t\t\t\t\t<\/div>\n\t\t<\/section>\n\t\t\t\t<section class=\"elementor-section elementor-top-section elementor-element elementor-element-0c54504 animated-slow elementor-section-boxed elementor-section-height-default elementor-section-height-default elementor-invisible\" data-id=\"0c54504\" data-element_type=\"section\" data-e-type=\"section\" data-settings=\"{&quot;background_background&quot;:&quot;classic&quot;,&quot;animation&quot;:&quot;zoomIn&quot;}\">\n\t\t\t\t\t\t<div class=\"elementor-container elementor-column-gap-default\">\n\t\t\t\t\t<div class=\"elementor-column elementor-col-100 elementor-top-column elementor-element elementor-element-36b810d\" data-id=\"36b810d\" data-element_type=\"column\" data-e-type=\"column\">\n\t\t\t<div class=\"elementor-widget-wrap elementor-element-populated\">\n\t\t\t\t\t\t<div class=\"elementor-element elementor-element-4fb9310 elementor-widget elementor-widget-menu-anchor\" data-id=\"4fb9310\" data-element_type=\"widget\" data-e-type=\"widget\" data-widget_type=\"menu-anchor.default\">\n\t\t\t\t<div class=\"elementor-widget-container\">\n\t\t\t\t\t\t\t<div class=\"elementor-menu-anchor\" id=\"aboutme\"><\/div>\n\t\t\t\t\t\t<\/div>\n\t\t\t\t<\/div>\n\t\t\t\t<div class=\"elementor-element elementor-element-a5534d3 elementor-widget elementor-widget-toggle\" data-id=\"a5534d3\" data-element_type=\"widget\" data-e-type=\"widget\" data-widget_type=\"toggle.default\">\n\t\t\t\t<div class=\"elementor-widget-container\">\n\t\t\t\t\t\t\t<div class=\"elementor-toggle\">\n\t\t\t\t\t\t\t<div class=\"elementor-toggle-item\">\n\t\t\t\t\t<div id=\"elementor-tab-title-1731\" class=\"elementor-tab-title\" data-tab=\"1\" role=\"button\" aria-controls=\"elementor-tab-content-1731\" aria-expanded=\"false\">\n\t\t\t\t\t\t\t\t\t\t\t\t<span class=\"elementor-toggle-icon elementor-toggle-icon-left\" aria-hidden=\"true\">\n\t\t\t\t\t\t\t\t\t\t\t\t\t\t\t<span class=\"elementor-toggle-icon-closed\"><i class=\"fas fa-caret-square-down\"><\/i><\/span>\n\t\t\t\t\t\t\t\t<span class=\"elementor-toggle-icon-opened\"><i class=\"elementor-toggle-icon-opened fas fa-caret-square-up\"><\/i><\/span>\n\t\t\t\t\t\t\t\t\t\t\t\t\t<\/span>\n\t\t\t\t\t\t\t\t\t\t\t\t<a class=\"elementor-toggle-title\" tabindex=\"0\">Aktuelle berufliche T\u00e4tigkeit<\/a>\n\t\t\t\t\t<\/div>\n\n\t\t\t\t\t<div id=\"elementor-tab-content-1731\" class=\"elementor-tab-content elementor-clearfix\" data-tab=\"1\" role=\"region\" aria-labelledby=\"elementor-tab-title-1731\"><ul><li style=\"list-style-type: none;\"><ul><li><strong>Kinder- und Jugendlichenpsychotherapeut (selbstst\u00e4ndig) in eigener Praxis f\u00fcr Psychotherapie<\/strong><\/li><li><strong>National und international aktiver Referent und Workshop-\/Seminarleiter sowie Ausbilder, Supervisor und Selbsterfahrungsleiter im Rahmen der Verhaltenstherapie und Schematherapie f\u00fcr Kinder, Jugendliche und deren Eltern (nach ISST e.V.).<\/strong><\/li><\/ul><\/li><\/ul><\/div>\n\t\t\t\t<\/div>\n\t\t\t\t\t\t\t<div class=\"elementor-toggle-item\">\n\t\t\t\t\t<div id=\"elementor-tab-title-1732\" class=\"elementor-tab-title\" data-tab=\"2\" role=\"button\" aria-controls=\"elementor-tab-content-1732\" aria-expanded=\"false\">\n\t\t\t\t\t\t\t\t\t\t\t\t<span class=\"elementor-toggle-icon elementor-toggle-icon-left\" aria-hidden=\"true\">\n\t\t\t\t\t\t\t\t\t\t\t\t\t\t\t<span class=\"elementor-toggle-icon-closed\"><i class=\"fas fa-caret-square-down\"><\/i><\/span>\n\t\t\t\t\t\t\t\t<span class=\"elementor-toggle-icon-opened\"><i class=\"elementor-toggle-icon-opened fas fa-caret-square-up\"><\/i><\/span>\n\t\t\t\t\t\t\t\t\t\t\t\t\t<\/span>\n\t\t\t\t\t\t\t\t\t\t\t\t<a class=\"elementor-toggle-title\" tabindex=\"0\">Berufst\u00e4tigkeit als Diplom-Psychologe<\/a>\n\t\t\t\t\t<\/div>\n\n\t\t\t\t\t<div id=\"elementor-tab-content-1732\" class=\"elementor-tab-content elementor-clearfix\" data-tab=\"2\" role=\"region\" aria-labelledby=\"elementor-tab-title-1732\"><ul><li style=\"list-style-type: none;\"><ul><li><p><strong>seit 2017:<\/strong> Praxis f\u00fcr Psychotherapie \u2013 Dr. Christof Loose \u2013 in D\u00fcsseldorf-Unterbach Supervisor und Selbsterfahrungsleiter, akkreditiert durch die Psychotherapeuten-Kammer NRW\u00a0<\/p><\/li><li><p><strong>seit 2013: <\/strong>Referentent\u00e4tigkeit in Schematherapie f\u00fcr Kinder, Jugendliche und Eltern\u00a0<strong><br \/><\/strong><\/p><\/li><li><strong> 2013 bis 2017: <\/strong>Chair of the Subcommittee Group ST-CA and Schema Therapist and Supervisor-Trainer in Child-Adolescent Schema Therapy \u00a0(ISST e.V.)<\/li><li><strong>2013 bis 2014: <\/strong>Vorlesung in der Privatuniversit\u00e4t UMIT in Hall\/Tirol Titel: Klinische Kinderpsychologie; WS 2013\/14 mit 2 SWS im\u00a0\u00a0 Masterstudiengang<\/li><li><strong>2012 bis 2017: <\/strong>Wissenschaftl. Angestellter der HHU (Post-Doc, Abt. Klinische Psychologie; Lehrstuhlinhaber: Prof. Dr. R. Pietrowsky) mit\u00a0 \u00a0 \u00a0 \u00a0 \u00a0\u00a0 Lehrverpflichtung von 2 SWS, darunter Seminare im&#8230;<ul><li>Masterstudiengang Psychologie: Seminar Klinische Psychologie Titel: Psychische St\u00f6rungen bei Kindern und Jugendlichen (SS 2012)<\/li><li>Bachelorstudiengang: Praktikum zur Klinischen Psychologie (seit WS 2012) Titel: Interview- und Behandlungstechniken (im Kindes- und Jugendalter)<\/li><li>Anleitung von Studierenden bei ihren Bachelor- und Masterarbeiten (BSc, MSc)<\/li><li>Begutachtungen von BSc und MSc als Erst- oder Zweitgutachter (seit SS 2012) &#8211; Pr\u00fcfungsbeisitz bei m\u00fcndlichen Diplompr\u00fcfungen (2012\/2013)\u00a0\u00a0<\/li><\/ul><\/li><li><strong>2010 bis 2017: <\/strong>Freiberufliche T\u00e4tigkeit in Praxisgemeinschaft f\u00fcr Psychotherapie Shaw &amp; Kollegen als Kinder- und Jugendlichenpsychotherapeut in D\u00fcsseldorf \u00a0<\/li><li><strong>2005 bis 2012: <\/strong>Heilp\u00e4dagogisch-Psychotherapeutisches Zentrum mit Fachklinik f\u00fcr Kinder- und Jugendpsychiatrie: Bergische Diakonie Aprath<ul><li>Behandlungsleiter im Haus \u201eDelfin\u201c und im Haus \u201eSchnecke\u201c<\/li><li>Aufbau der Spezialambulanz f\u00fcr Kinder mit Verhaltensauff\u00e4lligkeiten bei Hochbegabung, Minderbegabung und\/oder Teilleistungsst\u00f6rungen<\/li><li>Aufbau der Spezialambulanz f\u00fcr Kinder mit Autismus-Spektrum-St\u00f6rungen<\/li><\/ul><\/li><li><strong> 2004 bis 2005: <\/strong>Kinder- und Jugendpsychiatrische Praxis Drs. Geraets in D\u00fcsseldorf<\/li><li><strong> Seit 2000:\u00a0<\/strong> Elternberatung\/Workshops\/Seminare in Kinderg\u00e4rten und Grundschulen in D\u00fcsseldorf und Umgebung<\/li><li><strong>2000 bis 2007: <\/strong>Elternberatung\/Workshops\/Seminare in Kinderg\u00e4rten und Grundschulen in D\u00fcsseldorf und Umgebung<\/li><li><strong>2000 bis 2004: <\/strong>Gew\u00e4hlter Vertreter des Mittelbaus im Vorstand des Faches Psychologie und im Fakult\u00e4tsrat<\/li><li><strong>2000 bis 2005: <\/strong>Wissenschaftlicher Angestellter an der HHU D\u00fcsseldorf (Institut f\u00fcr Experimentelle Psychologie; Lehrstuhlinhaberin: Prof. Dr. P. Stoerig)<\/li><li><b>seit 2013:\u00a0<\/b>Herausgeber und Autor von B\u00fcchern und Lehr-DVDs zur Schematherapie mit Kindern und Jugendlichen<br \/><p style=\"line-height: 115%;\"><span style=\"font-family: Calibri, sans-serif;\">Referentent\u00e4tigkeit in Schematherapie f\u00fcr Kinder, Jugendliche und Eltern im In- und Ausland<\/span><\/p><\/li><\/ul><\/li><\/ul><\/div>\n\t\t\t\t<\/div>\n\t\t\t\t\t\t\t<div class=\"elementor-toggle-item\">\n\t\t\t\t\t<div id=\"elementor-tab-title-1733\" class=\"elementor-tab-title\" data-tab=\"3\" role=\"button\" aria-controls=\"elementor-tab-content-1733\" aria-expanded=\"false\">\n\t\t\t\t\t\t\t\t\t\t\t\t<span class=\"elementor-toggle-icon elementor-toggle-icon-left\" aria-hidden=\"true\">\n\t\t\t\t\t\t\t\t\t\t\t\t\t\t\t<span class=\"elementor-toggle-icon-closed\"><i class=\"fas fa-caret-square-down\"><\/i><\/span>\n\t\t\t\t\t\t\t\t<span class=\"elementor-toggle-icon-opened\"><i class=\"elementor-toggle-icon-opened fas fa-caret-square-up\"><\/i><\/span>\n\t\t\t\t\t\t\t\t\t\t\t\t\t<\/span>\n\t\t\t\t\t\t\t\t\t\t\t\t<a class=\"elementor-toggle-title\" tabindex=\"0\">Ausbildung & Studium<\/a>\n\t\t\t\t\t<\/div>\n\n\t\t\t\t\t<div id=\"elementor-tab-content-1733\" class=\"elementor-tab-content elementor-clearfix\" data-tab=\"3\" role=\"region\" aria-labelledby=\"elementor-tab-title-1733\"><ul><li style=\"list-style-type: none;\"><ul><li><strong>Approbation<\/strong><ul><li>2004-2009: Psychotherapieausbildung in Verhaltenstherapie (AKiP K\u00f6ln)<\/li><li>19.11.2019: Approbation Kinder-und Jugendlichenpsychotherapeut<\/li><\/ul><\/li><li><strong>Promotion<\/strong><ul><li>2000-2005: Promotionsstudium in Exp. Psychologie II; HHU D\u00fcsseldorf<\/li><li>Doktor der Naturwissenschaften (Promotionsarbeit: \u201ePsychosensorische Pupillendilatation bei bewusster und unbewusster visueller Informationsverarbeitung\u201c)<\/li><\/ul><\/li><li><strong>Studium<\/strong><ul><li>1996-2000 Psychologie Diplomstudiengang; HHU D\u00fcsseldorf<\/li><li>Diplom-Psychologe (Diplomarbeit: \u201eGewaltpr\u00e4ventions-Programm f\u00fcr Grundschulkinder der 3. Klasse\u201c)<\/li><\/ul><\/li><\/ul><\/li><\/ul><\/div>\n\t\t\t\t<\/div>\n\t\t\t\t\t\t\t<div class=\"elementor-toggle-item\">\n\t\t\t\t\t<div id=\"elementor-tab-title-1734\" class=\"elementor-tab-title\" data-tab=\"4\" role=\"button\" aria-controls=\"elementor-tab-content-1734\" aria-expanded=\"false\">\n\t\t\t\t\t\t\t\t\t\t\t\t<span class=\"elementor-toggle-icon elementor-toggle-icon-left\" aria-hidden=\"true\">\n\t\t\t\t\t\t\t\t\t\t\t\t\t\t\t<span class=\"elementor-toggle-icon-closed\"><i class=\"fas fa-caret-square-down\"><\/i><\/span>\n\t\t\t\t\t\t\t\t<span class=\"elementor-toggle-icon-opened\"><i class=\"elementor-toggle-icon-opened fas fa-caret-square-up\"><\/i><\/span>\n\t\t\t\t\t\t\t\t\t\t\t\t\t<\/span>\n\t\t\t\t\t\t\t\t\t\t\t\t<a class=\"elementor-toggle-title\" tabindex=\"0\">Weiterbildungen & Zertifizierungen<\/a>\n\t\t\t\t\t<\/div>\n\n\t\t\t\t\t<div id=\"elementor-tab-content-1734\" class=\"elementor-tab-content elementor-clearfix\" data-tab=\"4\" role=\"region\" aria-labelledby=\"elementor-tab-title-1734\"><ul>\n<li style=\"list-style-type: none;\">\n<ul>\n<li><strong>2013<\/strong>: Zertifizierter Schematherapeut f\u00fcr Kinder und Jugendliche (ISST e. V.)<\/li>\n<li><strong>2013<\/strong>: Zertifizierter Schematherapeut (ISST e. V.)<\/li>\n<li><strong>2009-2012:<\/strong> Ausbildung in Schematherapienach J. Young(IST-K\u00f6ln)<\/li>\n<\/ul>\n<\/li>\n<\/ul><\/div>\n\t\t\t\t<\/div>\n\t\t\t\t\t\t\t\t<\/div>\n\t\t\t\t\t\t<\/div>\n\t\t\t\t<\/div>\n\t\t\t\t\t<\/div>\n\t\t<\/div>\n\t\t\t\t\t<\/div>\n\t\t<\/section>\n\t\t\t\t<section class=\"elementor-section elementor-top-section elementor-element elementor-element-c26a577 elementor-section-boxed elementor-section-height-default elementor-section-height-default\" data-id=\"c26a577\" data-element_type=\"section\" data-e-type=\"section\">\n\t\t\t\t\t\t<div class=\"elementor-container elementor-column-gap-default\">\n\t\t\t\t\t<div class=\"elementor-column elementor-col-100 elementor-top-column elementor-element elementor-element-3fed922\" data-id=\"3fed922\" data-element_type=\"column\" data-e-type=\"column\">\n\t\t\t<div class=\"elementor-widget-wrap elementor-element-populated\">\n\t\t\t\t\t\t<div class=\"elementor-element elementor-element-4623af2 elementor-widget elementor-widget-spacer\" data-id=\"4623af2\" data-element_type=\"widget\" data-e-type=\"widget\" data-widget_type=\"spacer.default\">\n\t\t\t\t<div class=\"elementor-widget-container\">\n\t\t\t\t\t\t\t<div class=\"elementor-spacer\">\n\t\t\t<div class=\"elementor-spacer-inner\"><\/div>\n\t\t<\/div>\n\t\t\t\t\t\t<\/div>\n\t\t\t\t<\/div>\n\t\t\t\t\t<\/div>\n\t\t<\/div>\n\t\t\t\t\t<\/div>\n\t\t<\/section>\n\t\t\t\t<section class=\"elementor-section elementor-top-section elementor-element elementor-element-727f9e8d animated-slow elementor-section-boxed elementor-section-height-default elementor-section-height-default elementor-invisible\" data-id=\"727f9e8d\" data-element_type=\"section\" data-e-type=\"section\" data-settings=\"{&quot;animation&quot;:&quot;slideInUp&quot;,&quot;animation_delay&quot;:2000}\">\n\t\t\t\t\t\t<div class=\"elementor-container elementor-column-gap-default\">\n\t\t\t\t\t<div class=\"elementor-column elementor-col-100 elementor-top-column elementor-element elementor-element-17967858\" data-id=\"17967858\" data-element_type=\"column\" data-e-type=\"column\">\n\t\t\t<div class=\"elementor-widget-wrap elementor-element-populated\">\n\t\t\t\t\t\t<div class=\"elementor-element elementor-element-60de8de8 elementor-align-center elementor-widget elementor-widget-button\" data-id=\"60de8de8\" data-element_type=\"widget\" data-e-type=\"widget\" data-widget_type=\"button.default\">\n\t\t\t\t<div class=\"elementor-widget-container\">\n\t\t\t\t\t\t\t\t\t<div class=\"elementor-button-wrapper\">\n\t\t\t\t\t<a class=\"elementor-button elementor-button-link elementor-size-sm elementor-animation-grow\" href=\"https:\/\/schematherapie-f\u00fcr-kinder.de\/wp-content\/uploads\/2025\/07\/CV-Christof-Loose-deutsch-last-update-11.07.2025.pdf\" target=\"_blank\">\n\t\t\t\t\t\t<span class=\"elementor-button-content-wrapper\">\n\t\t\t\t\t\t\t\t\t<span class=\"elementor-button-text\">Lebenslauf als PDF<\/span>\n\t\t\t\t\t<\/span>\n\t\t\t\t\t<\/a>\n\t\t\t\t<\/div>\n\t\t\t\t\t\t\t\t<\/div>\n\t\t\t\t<\/div>\n\t\t\t\t\t<\/div>\n\t\t<\/div>\n\t\t\t\t\t<\/div>\n\t\t<\/section>\n\t\t\t\t<\/div>\n\t\t","protected":false},"excerpt":{"rendered":"<p>Aktuelle berufliche T\u00e4tigkeit Kinder- und Jugendlichenpsychotherapeut (selbstst\u00e4ndig) in eigener Praxis f\u00fcr Psychotherapie National und international aktiver Referent und Workshop-\/Seminarleiter sowie Ausbilder, Supervisor und Selbsterfahrungsleiter im Rahmen der Verhaltenstherapie und Schematherapie f\u00fcr Kinder, Jugendliche und deren Eltern (nach ISST e.V.). Berufst\u00e4tigkeit als Diplom-Psychologe seit 2017: Praxis f\u00fcr Psychotherapie \u2013 Dr. Christof Loose \u2013 in D\u00fcsseldorf-Unterbach Supervisor [&hellip;]<\/p>\n","protected":false},"author":3,"featured_media":821,"parent":0,"menu_order":0,"comment_status":"closed","ping_status":"closed","template":"","meta":{"footnotes":""},"class_list":["post-423","page","type-page","status-publish","has-post-thumbnail","hentry"],"yoast_head":"<!-- This site is optimized with the Yoast SEO plugin v27.3 - https:\/\/yoast.com\/product\/yoast-seo-wordpress\/ -->\n<title>Berufliche Vita - Schematherapie D\u00fcsseldorf<\/title>\n<meta name=\"robots\" content=\"index, follow, max-snippet:-1, max-image-preview:large, max-video-preview:-1\" \/>\n<link rel=\"canonical\" href=\"https:\/\/schematherapie-f\u00fcr-kinder.de\/?page_id=423\" \/>\n<meta property=\"og:locale\" content=\"de_DE\" \/>\n<meta property=\"og:type\" content=\"article\" \/>\n<meta property=\"og:title\" content=\"Berufliche Vita - Schematherapie D\u00fcsseldorf\" \/>\n<meta property=\"og:description\" content=\"Aktuelle berufliche T\u00e4tigkeit Kinder- und Jugendlichenpsychotherapeut (selbstst\u00e4ndig) in eigener Praxis f\u00fcr Psychotherapie National und international aktiver Referent und Workshop-\/Seminarleiter sowie Ausbilder, Supervisor und Selbsterfahrungsleiter im Rahmen der Verhaltenstherapie und Schematherapie f\u00fcr Kinder, Jugendliche und deren Eltern (nach ISST e.V.). Berufst\u00e4tigkeit als Diplom-Psychologe seit 2017: Praxis f\u00fcr Psychotherapie \u2013 Dr. Christof Loose \u2013 in D\u00fcsseldorf-Unterbach Supervisor [&hellip;]\" \/>\n<meta property=\"og:url\" content=\"https:\/\/schematherapie-f\u00fcr-kinder.de\/?page_id=423\" \/>\n<meta property=\"og:site_name\" content=\"Schematherapie D\u00fcsseldorf\" \/>\n<meta property=\"article:publisher\" content=\"https:\/\/www.facebook.com\/schematherapyforchildren\/\" \/>\n<meta property=\"article:modified_time\" content=\"2025-07-11T10:36:39+00:00\" \/>\n<meta property=\"og:image\" content=\"https:\/\/schematherapie-f\u00fcr-kinder.de\/wp-content\/uploads\/2020\/05\/gustav-gullstrand-d6kSvT2xZQo-unsplash-scaled.jpg\" \/>\n\t<meta property=\"og:image:width\" content=\"2560\" \/>\n\t<meta property=\"og:image:height\" content=\"1920\" \/>\n\t<meta property=\"og:image:type\" content=\"image\/jpeg\" \/>\n<meta name=\"twitter:card\" content=\"summary_large_image\" \/>\n<meta name=\"twitter:site\" content=\"@christofloose\" \/>\n<meta name=\"twitter:label1\" content=\"Gesch\u00e4tzte Lesezeit\" \/>\n\t<meta name=\"twitter:data1\" content=\"2\u00a0Minuten\" \/>\n<script type=\"application\/ld+json\" class=\"yoast-schema-graph\">{\"@context\":\"https:\\\/\\\/schema.org\",\"@graph\":[{\"@type\":\"WebPage\",\"@id\":\"https:\\\/\\\/schematherapie-f\u00fcr-kinder.de\\\/?page_id=423\",\"url\":\"https:\\\/\\\/schematherapie-f\u00fcr-kinder.de\\\/?page_id=423\",\"name\":\"Berufliche Vita - Schematherapie D\u00fcsseldorf\",\"isPartOf\":{\"@id\":\"https:\\\/\\\/schematherapie-f\u00fcr-kinder.de\\\/#website\"},\"primaryImageOfPage\":{\"@id\":\"https:\\\/\\\/schematherapie-f\u00fcr-kinder.de\\\/?page_id=423#primaryimage\"},\"image\":{\"@id\":\"https:\\\/\\\/schematherapie-f\u00fcr-kinder.de\\\/?page_id=423#primaryimage\"},\"thumbnailUrl\":\"https:\\\/\\\/schematherapie-f\u00fcr-kinder.de\\\/wp-content\\\/uploads\\\/2020\\\/05\\\/gustav-gullstrand-d6kSvT2xZQo-unsplash-scaled.jpg\",\"datePublished\":\"2020-03-02T15:06:40+00:00\",\"dateModified\":\"2025-07-11T10:36:39+00:00\",\"breadcrumb\":{\"@id\":\"https:\\\/\\\/schematherapie-f\u00fcr-kinder.de\\\/?page_id=423#breadcrumb\"},\"inLanguage\":\"de\",\"potentialAction\":[{\"@type\":\"ReadAction\",\"target\":[\"https:\\\/\\\/schematherapie-f\u00fcr-kinder.de\\\/?page_id=423\"]}]},{\"@type\":\"ImageObject\",\"inLanguage\":\"de\",\"@id\":\"https:\\\/\\\/schematherapie-f\u00fcr-kinder.de\\\/?page_id=423#primaryimage\",\"url\":\"https:\\\/\\\/schematherapie-f\u00fcr-kinder.de\\\/wp-content\\\/uploads\\\/2020\\\/05\\\/gustav-gullstrand-d6kSvT2xZQo-unsplash-scaled.jpg\",\"contentUrl\":\"https:\\\/\\\/schematherapie-f\u00fcr-kinder.de\\\/wp-content\\\/uploads\\\/2020\\\/05\\\/gustav-gullstrand-d6kSvT2xZQo-unsplash-scaled.jpg\",\"width\":2560,\"height\":1920},{\"@type\":\"BreadcrumbList\",\"@id\":\"https:\\\/\\\/schematherapie-f\u00fcr-kinder.de\\\/?page_id=423#breadcrumb\",\"itemListElement\":[{\"@type\":\"ListItem\",\"position\":1,\"name\":\"Startseite\",\"item\":\"https:\\\/\\\/schematherapie-f\u00fcr-kinder.de\\\/\"},{\"@type\":\"ListItem\",\"position\":2,\"name\":\"Berufliche Vita\"}]},{\"@type\":\"WebSite\",\"@id\":\"https:\\\/\\\/schematherapie-f\u00fcr-kinder.de\\\/#website\",\"url\":\"https:\\\/\\\/schematherapie-f\u00fcr-kinder.de\\\/\",\"name\":\"Schematherapie D\u00fcsseldorf\",\"description\":\"Dr. Christof Loose I Kinder- und Jugendlichenpsychotherapeut\",\"publisher\":{\"@id\":\"https:\\\/\\\/schematherapie-f\u00fcr-kinder.de\\\/#organization\"},\"potentialAction\":[{\"@type\":\"SearchAction\",\"target\":{\"@type\":\"EntryPoint\",\"urlTemplate\":\"https:\\\/\\\/schematherapie-f\u00fcr-kinder.de\\\/?s={search_term_string}\"},\"query-input\":{\"@type\":\"PropertyValueSpecification\",\"valueRequired\":true,\"valueName\":\"search_term_string\"}}],\"inLanguage\":\"de\"},{\"@type\":\"Organization\",\"@id\":\"https:\\\/\\\/schematherapie-f\u00fcr-kinder.de\\\/#organization\",\"name\":\"Schematherapie D\u00fcsseldorf Dr. Christof Loose\",\"url\":\"https:\\\/\\\/schematherapie-f\u00fcr-kinder.de\\\/\",\"logo\":{\"@type\":\"ImageObject\",\"inLanguage\":\"de\",\"@id\":\"https:\\\/\\\/schematherapie-f\u00fcr-kinder.de\\\/#\\\/schema\\\/logo\\\/image\\\/\",\"url\":\"https:\\\/\\\/schematherapie-f\u00fcr-kinder.de\\\/wp-content\\\/uploads\\\/2020\\\/03\\\/cropped-image452-1.png\",\"contentUrl\":\"https:\\\/\\\/schematherapie-f\u00fcr-kinder.de\\\/wp-content\\\/uploads\\\/2020\\\/03\\\/cropped-image452-1.png\",\"width\":221,\"height\":239,\"caption\":\"Schematherapie D\u00fcsseldorf Dr. Christof Loose\"},\"image\":{\"@id\":\"https:\\\/\\\/schematherapie-f\u00fcr-kinder.de\\\/#\\\/schema\\\/logo\\\/image\\\/\"},\"sameAs\":[\"https:\\\/\\\/www.facebook.com\\\/schematherapyforchildren\\\/\",\"https:\\\/\\\/x.com\\\/christofloose\"]}]}<\/script>\n<!-- \/ Yoast SEO plugin. -->","yoast_head_json":{"title":"Berufliche Vita - Schematherapie D\u00fcsseldorf","robots":{"index":"index","follow":"follow","max-snippet":"max-snippet:-1","max-image-preview":"max-image-preview:large","max-video-preview":"max-video-preview:-1"},"canonical":"https:\/\/schematherapie-f\u00fcr-kinder.de\/?page_id=423","og_locale":"de_DE","og_type":"article","og_title":"Berufliche Vita - Schematherapie D\u00fcsseldorf","og_description":"Aktuelle berufliche T\u00e4tigkeit Kinder- und Jugendlichenpsychotherapeut (selbstst\u00e4ndig) in eigener Praxis f\u00fcr Psychotherapie National und international aktiver Referent und Workshop-\/Seminarleiter sowie Ausbilder, Supervisor und Selbsterfahrungsleiter im Rahmen der Verhaltenstherapie und Schematherapie f\u00fcr Kinder, Jugendliche und deren Eltern (nach ISST e.V.). Berufst\u00e4tigkeit als Diplom-Psychologe seit 2017: Praxis f\u00fcr Psychotherapie \u2013 Dr. Christof Loose \u2013 in D\u00fcsseldorf-Unterbach Supervisor [&hellip;]","og_url":"https:\/\/schematherapie-f\u00fcr-kinder.de\/?page_id=423","og_site_name":"Schematherapie D\u00fcsseldorf","article_publisher":"https:\/\/www.facebook.com\/schematherapyforchildren\/","article_modified_time":"2025-07-11T10:36:39+00:00","og_image":[{"width":2560,"height":1920,"url":"https:\/\/schematherapie-f\u00fcr-kinder.de\/wp-content\/uploads\/2020\/05\/gustav-gullstrand-d6kSvT2xZQo-unsplash-scaled.jpg","type":"image\/jpeg"}],"twitter_card":"summary_large_image","twitter_site":"@christofloose","twitter_misc":{"Gesch\u00e4tzte Lesezeit":"2\u00a0Minuten"},"schema":{"@context":"https:\/\/schema.org","@graph":[{"@type":"WebPage","@id":"https:\/\/schematherapie-f\u00fcr-kinder.de\/?page_id=423","url":"https:\/\/schematherapie-f\u00fcr-kinder.de\/?page_id=423","name":"Berufliche Vita - Schematherapie D\u00fcsseldorf","isPartOf":{"@id":"https:\/\/schematherapie-f\u00fcr-kinder.de\/#website"},"primaryImageOfPage":{"@id":"https:\/\/schematherapie-f\u00fcr-kinder.de\/?page_id=423#primaryimage"},"image":{"@id":"https:\/\/schematherapie-f\u00fcr-kinder.de\/?page_id=423#primaryimage"},"thumbnailUrl":"https:\/\/schematherapie-f\u00fcr-kinder.de\/wp-content\/uploads\/2020\/05\/gustav-gullstrand-d6kSvT2xZQo-unsplash-scaled.jpg","datePublished":"2020-03-02T15:06:40+00:00","dateModified":"2025-07-11T10:36:39+00:00","breadcrumb":{"@id":"https:\/\/schematherapie-f\u00fcr-kinder.de\/?page_id=423#breadcrumb"},"inLanguage":"de","potentialAction":[{"@type":"ReadAction","target":["https:\/\/schematherapie-f\u00fcr-kinder.de\/?page_id=423"]}]},{"@type":"ImageObject","inLanguage":"de","@id":"https:\/\/schematherapie-f\u00fcr-kinder.de\/?page_id=423#primaryimage","url":"https:\/\/schematherapie-f\u00fcr-kinder.de\/wp-content\/uploads\/2020\/05\/gustav-gullstrand-d6kSvT2xZQo-unsplash-scaled.jpg","contentUrl":"https:\/\/schematherapie-f\u00fcr-kinder.de\/wp-content\/uploads\/2020\/05\/gustav-gullstrand-d6kSvT2xZQo-unsplash-scaled.jpg","width":2560,"height":1920},{"@type":"BreadcrumbList","@id":"https:\/\/schematherapie-f\u00fcr-kinder.de\/?page_id=423#breadcrumb","itemListElement":[{"@type":"ListItem","position":1,"name":"Startseite","item":"https:\/\/schematherapie-f\u00fcr-kinder.de\/"},{"@type":"ListItem","position":2,"name":"Berufliche Vita"}]},{"@type":"WebSite","@id":"https:\/\/schematherapie-f\u00fcr-kinder.de\/#website","url":"https:\/\/schematherapie-f\u00fcr-kinder.de\/","name":"Schematherapie D\u00fcsseldorf","description":"Dr. Christof Loose I Kinder- und Jugendlichenpsychotherapeut","publisher":{"@id":"https:\/\/schematherapie-f\u00fcr-kinder.de\/#organization"},"potentialAction":[{"@type":"SearchAction","target":{"@type":"EntryPoint","urlTemplate":"https:\/\/schematherapie-f\u00fcr-kinder.de\/?s={search_term_string}"},"query-input":{"@type":"PropertyValueSpecification","valueRequired":true,"valueName":"search_term_string"}}],"inLanguage":"de"},{"@type":"Organization","@id":"https:\/\/schematherapie-f\u00fcr-kinder.de\/#organization","name":"Schematherapie D\u00fcsseldorf Dr. Christof Loose","url":"https:\/\/schematherapie-f\u00fcr-kinder.de\/","logo":{"@type":"ImageObject","inLanguage":"de","@id":"https:\/\/schematherapie-f\u00fcr-kinder.de\/#\/schema\/logo\/image\/","url":"https:\/\/schematherapie-f\u00fcr-kinder.de\/wp-content\/uploads\/2020\/03\/cropped-image452-1.png","contentUrl":"https:\/\/schematherapie-f\u00fcr-kinder.de\/wp-content\/uploads\/2020\/03\/cropped-image452-1.png","width":221,"height":239,"caption":"Schematherapie D\u00fcsseldorf Dr. Christof Loose"},"image":{"@id":"https:\/\/schematherapie-f\u00fcr-kinder.de\/#\/schema\/logo\/image\/"},"sameAs":["https:\/\/www.facebook.com\/schematherapyforchildren\/","https:\/\/x.com\/christofloose"]}]}},"_links":{"self":[{"href":"https:\/\/schematherapie-f\u00fcr-kinder.de\/index.php?rest_route=\/wp\/v2\/pages\/423","targetHints":{"allow":["GET"]}}],"collection":[{"href":"https:\/\/schematherapie-f\u00fcr-kinder.de\/index.php?rest_route=\/wp\/v2\/pages"}],"about":[{"href":"https:\/\/schematherapie-f\u00fcr-kinder.de\/index.php?rest_route=\/wp\/v2\/types\/page"}],"author":[{"embeddable":true,"href":"https:\/\/schematherapie-f\u00fcr-kinder.de\/index.php?rest_route=\/wp\/v2\/users\/3"}],"replies":[{"embeddable":true,"href":"https:\/\/schematherapie-f\u00fcr-kinder.de\/index.php?rest_route=%2Fwp%2Fv2%2Fcomments&post=423"}],"version-history":[{"count":64,"href":"https:\/\/schematherapie-f\u00fcr-kinder.de\/index.php?rest_route=\/wp\/v2\/pages\/423\/revisions"}],"predecessor-version":[{"id":1865,"href":"https:\/\/schematherapie-f\u00fcr-kinder.de\/index.php?rest_route=\/wp\/v2\/pages\/423\/revisions\/1865"}],"wp:featuredmedia":[{"embeddable":true,"href":"https:\/\/schematherapie-f\u00fcr-kinder.de\/index.php?rest_route=\/wp\/v2\/media\/821"}],"wp:attachment":[{"href":"https:\/\/schematherapie-f\u00fcr-kinder.de\/index.php?rest_route=%2Fwp%2Fv2%2Fmedia&parent=423"}],"curies":[{"name":"wp","href":"https:\/\/api.w.org\/{rel}","templated":true}]}}