{"id":424,"date":"2020-03-02T15:06:40","date_gmt":"2020-03-02T15:06:40","guid":{"rendered":"https:\/\/fortbildung-loose.de\/?page_id=424"},"modified":"2024-03-18T10:06:37","modified_gmt":"2024-03-18T10:06:37","slug":"meine-arbeit","status":"publish","type":"page","link":"https:\/\/schematherapie-f\u00fcr-kinder.de\/?page_id=424","title":{"rendered":"Meine Arbeit"},"content":{"rendered":"\t\t<div data-elementor-type=\"wp-page\" data-elementor-id=\"424\" class=\"elementor elementor-424\">\n\t\t\t\t\t\t<section class=\"elementor-section elementor-top-section elementor-element elementor-element-c2a8ab2 elementor-section-boxed elementor-section-height-default elementor-section-height-default\" data-id=\"c2a8ab2\" data-element_type=\"section\" data-e-type=\"section\">\n\t\t\t\t\t\t<div class=\"elementor-container elementor-column-gap-default\">\n\t\t\t\t\t<div class=\"elementor-column elementor-col-100 elementor-top-column elementor-element elementor-element-60d849b\" data-id=\"60d849b\" data-element_type=\"column\" data-e-type=\"column\">\n\t\t\t<div class=\"elementor-widget-wrap elementor-element-populated\">\n\t\t\t\t\t\t<div class=\"elementor-element elementor-element-44b6130 elementor-invisible elementor-widget elementor-widget-text-editor\" data-id=\"44b6130\" data-element_type=\"widget\" data-e-type=\"widget\" data-settings=\"{&quot;_animation&quot;:&quot;fadeInUp&quot;}\" data-widget_type=\"text-editor.default\">\n\t\t\t\t<div class=\"elementor-widget-container\">\n\t\t\t\t\t\t\t\t\t<p><style type=\"text\/css\">\n\t\ttd p { margin-bottom: 0cm; direction: ltr; text-align: left; orphans: 2; widows: 2 }<br \/>\t\tp { margin-bottom: 0.25cm; direction: ltr; line-height: 115%; text-align: left; orphans: 2; widows: 2 }<\/style><\/p><p><span style=\"color: #000000;\">Manchmal werde ich gefragt: \u201aSind Sie ein Doktor f\u00fcr Verr\u00fcckte?\u2018 \u201aNein\u2018, sage ich dann, \u201aich bin ein Doktor f\u00fcr ganz normale Menschen, \u2026 aber diejenigen, die zu mir kommen, sind meist in ganz verr\u00fcckten Situationen und Lebenslagen.\u2018 <\/span><\/p><p><span style=\"color: #000000;\">Die meisten meiner Klienten verstehen das, eben weil kein Mensch absichtlich Probleme hat oder f\u00fcr andere problematisch erscheinen m\u00f6chte. Das Verhalten ist dann meist eine Art Notl\u00f6sung, die in der Regel besser erscheint als nichts zu tun.<\/span><\/p><p><span style=\"color: #000000;\">Mein (therapeutisches) Selbstverst\u00e4ndnis ist das eines Anwalts, der f\u00fcr seine Klienten und deren Bed\u00fcrfnisse Partei ergreift; das trifft f\u00fcr Kinder genauso zu wie f\u00fcr Erwachsene. <\/span><\/p>\t\t\t\t\t\t\t\t<\/div>\n\t\t\t\t<\/div>\n\t\t\t\t\t<\/div>\n\t\t<\/div>\n\t\t\t\t\t<\/div>\n\t\t<\/section>\n\t\t\t\t<\/div>\n\t\t","protected":false},"excerpt":{"rendered":"<p>Manchmal werde ich gefragt: \u201aSind Sie ein Doktor f\u00fcr Verr\u00fcckte?\u2018 \u201aNein\u2018, sage ich dann, \u201aich bin ein Doktor f\u00fcr ganz normale Menschen, \u2026 aber diejenigen, die zu mir kommen, sind meist in ganz verr\u00fcckten Situationen und Lebenslagen.\u2018 Die meisten meiner Klienten verstehen das, eben weil kein Mensch absichtlich Probleme hat oder f\u00fcr andere problematisch erscheinen [&hellip;]<\/p>\n","protected":false},"author":3,"featured_media":832,"parent":0,"menu_order":0,"comment_status":"closed","ping_status":"closed","template":"","meta":{"footnotes":""},"class_list":["post-424","page","type-page","status-publish","has-post-thumbnail","hentry"],"yoast_head":"<!-- This site is optimized with the Yoast SEO plugin v27.3 - https:\/\/yoast.com\/product\/yoast-seo-wordpress\/ -->\n<title>Meine Arbeit - Schematherapie D\u00fcsseldorf<\/title>\n<meta name=\"robots\" content=\"index, follow, max-snippet:-1, max-image-preview:large, max-video-preview:-1\" \/>\n<link rel=\"canonical\" href=\"https:\/\/schematherapie-f\u00fcr-kinder.de\/?page_id=424\" \/>\n<meta property=\"og:locale\" content=\"de_DE\" \/>\n<meta property=\"og:type\" content=\"article\" \/>\n<meta property=\"og:title\" content=\"Meine Arbeit - Schematherapie D\u00fcsseldorf\" \/>\n<meta property=\"og:description\" content=\"Manchmal werde ich gefragt: \u201aSind Sie ein Doktor f\u00fcr Verr\u00fcckte?\u2018 \u201aNein\u2018, sage ich dann, \u201aich bin ein Doktor f\u00fcr ganz normale Menschen, \u2026 aber diejenigen, die zu mir kommen, sind meist in ganz verr\u00fcckten Situationen und Lebenslagen.\u2018 Die meisten meiner Klienten verstehen das, eben weil kein Mensch absichtlich Probleme hat oder f\u00fcr andere problematisch erscheinen [&hellip;]\" \/>\n<meta property=\"og:url\" content=\"https:\/\/schematherapie-f\u00fcr-kinder.de\/?page_id=424\" \/>\n<meta property=\"og:site_name\" content=\"Schematherapie D\u00fcsseldorf\" \/>\n<meta property=\"article:publisher\" content=\"https:\/\/www.facebook.com\/schematherapyforchildren\/\" \/>\n<meta property=\"article:modified_time\" content=\"2024-03-18T10:06:37+00:00\" \/>\n<meta property=\"og:image\" content=\"https:\/\/schematherapie-f\u00fcr-kinder.de\/wp-content\/uploads\/2020\/05\/rafal-rudol-KuxjNUBrf7I-unsplash-scaled.jpg\" \/>\n\t<meta property=\"og:image:width\" content=\"2560\" \/>\n\t<meta property=\"og:image:height\" content=\"1707\" \/>\n\t<meta property=\"og:image:type\" content=\"image\/jpeg\" \/>\n<meta name=\"twitter:card\" content=\"summary_large_image\" \/>\n<meta name=\"twitter:site\" content=\"@christofloose\" \/>\n<meta name=\"twitter:label1\" content=\"Gesch\u00e4tzte Lesezeit\" \/>\n\t<meta name=\"twitter:data1\" content=\"1\u00a0Minute\" \/>\n<script type=\"application\/ld+json\" class=\"yoast-schema-graph\">{\"@context\":\"https:\\\/\\\/schema.org\",\"@graph\":[{\"@type\":\"WebPage\",\"@id\":\"https:\\\/\\\/schematherapie-f\u00fcr-kinder.de\\\/?page_id=424\",\"url\":\"https:\\\/\\\/schematherapie-f\u00fcr-kinder.de\\\/?page_id=424\",\"name\":\"Meine Arbeit - Schematherapie D\u00fcsseldorf\",\"isPartOf\":{\"@id\":\"https:\\\/\\\/schematherapie-f\u00fcr-kinder.de\\\/#website\"},\"primaryImageOfPage\":{\"@id\":\"https:\\\/\\\/schematherapie-f\u00fcr-kinder.de\\\/?page_id=424#primaryimage\"},\"image\":{\"@id\":\"https:\\\/\\\/schematherapie-f\u00fcr-kinder.de\\\/?page_id=424#primaryimage\"},\"thumbnailUrl\":\"https:\\\/\\\/schematherapie-f\u00fcr-kinder.de\\\/wp-content\\\/uploads\\\/2020\\\/05\\\/rafal-rudol-KuxjNUBrf7I-unsplash-scaled.jpg\",\"datePublished\":\"2020-03-02T15:06:40+00:00\",\"dateModified\":\"2024-03-18T10:06:37+00:00\",\"breadcrumb\":{\"@id\":\"https:\\\/\\\/schematherapie-f\u00fcr-kinder.de\\\/?page_id=424#breadcrumb\"},\"inLanguage\":\"de\",\"potentialAction\":[{\"@type\":\"ReadAction\",\"target\":[\"https:\\\/\\\/schematherapie-f\u00fcr-kinder.de\\\/?page_id=424\"]}]},{\"@type\":\"ImageObject\",\"inLanguage\":\"de\",\"@id\":\"https:\\\/\\\/schematherapie-f\u00fcr-kinder.de\\\/?page_id=424#primaryimage\",\"url\":\"https:\\\/\\\/schematherapie-f\u00fcr-kinder.de\\\/wp-content\\\/uploads\\\/2020\\\/05\\\/rafal-rudol-KuxjNUBrf7I-unsplash-scaled.jpg\",\"contentUrl\":\"https:\\\/\\\/schematherapie-f\u00fcr-kinder.de\\\/wp-content\\\/uploads\\\/2020\\\/05\\\/rafal-rudol-KuxjNUBrf7I-unsplash-scaled.jpg\",\"width\":2560,\"height\":1707},{\"@type\":\"BreadcrumbList\",\"@id\":\"https:\\\/\\\/schematherapie-f\u00fcr-kinder.de\\\/?page_id=424#breadcrumb\",\"itemListElement\":[{\"@type\":\"ListItem\",\"position\":1,\"name\":\"Startseite\",\"item\":\"https:\\\/\\\/schematherapie-f\u00fcr-kinder.de\\\/\"},{\"@type\":\"ListItem\",\"position\":2,\"name\":\"Meine Arbeit\"}]},{\"@type\":\"WebSite\",\"@id\":\"https:\\\/\\\/schematherapie-f\u00fcr-kinder.de\\\/#website\",\"url\":\"https:\\\/\\\/schematherapie-f\u00fcr-kinder.de\\\/\",\"name\":\"Schematherapie D\u00fcsseldorf\",\"description\":\"Dr. Christof Loose I Kinder- und Jugendlichenpsychotherapeut\",\"publisher\":{\"@id\":\"https:\\\/\\\/schematherapie-f\u00fcr-kinder.de\\\/#organization\"},\"potentialAction\":[{\"@type\":\"SearchAction\",\"target\":{\"@type\":\"EntryPoint\",\"urlTemplate\":\"https:\\\/\\\/schematherapie-f\u00fcr-kinder.de\\\/?s={search_term_string}\"},\"query-input\":{\"@type\":\"PropertyValueSpecification\",\"valueRequired\":true,\"valueName\":\"search_term_string\"}}],\"inLanguage\":\"de\"},{\"@type\":\"Organization\",\"@id\":\"https:\\\/\\\/schematherapie-f\u00fcr-kinder.de\\\/#organization\",\"name\":\"Schematherapie D\u00fcsseldorf Dr. Christof Loose\",\"url\":\"https:\\\/\\\/schematherapie-f\u00fcr-kinder.de\\\/\",\"logo\":{\"@type\":\"ImageObject\",\"inLanguage\":\"de\",\"@id\":\"https:\\\/\\\/schematherapie-f\u00fcr-kinder.de\\\/#\\\/schema\\\/logo\\\/image\\\/\",\"url\":\"https:\\\/\\\/schematherapie-f\u00fcr-kinder.de\\\/wp-content\\\/uploads\\\/2020\\\/03\\\/cropped-image452-1.png\",\"contentUrl\":\"https:\\\/\\\/schematherapie-f\u00fcr-kinder.de\\\/wp-content\\\/uploads\\\/2020\\\/03\\\/cropped-image452-1.png\",\"width\":221,\"height\":239,\"caption\":\"Schematherapie D\u00fcsseldorf Dr. Christof Loose\"},\"image\":{\"@id\":\"https:\\\/\\\/schematherapie-f\u00fcr-kinder.de\\\/#\\\/schema\\\/logo\\\/image\\\/\"},\"sameAs\":[\"https:\\\/\\\/www.facebook.com\\\/schematherapyforchildren\\\/\",\"https:\\\/\\\/x.com\\\/christofloose\"]}]}<\/script>\n<!-- \/ Yoast SEO plugin. -->","yoast_head_json":{"title":"Meine Arbeit - Schematherapie D\u00fcsseldorf","robots":{"index":"index","follow":"follow","max-snippet":"max-snippet:-1","max-image-preview":"max-image-preview:large","max-video-preview":"max-video-preview:-1"},"canonical":"https:\/\/schematherapie-f\u00fcr-kinder.de\/?page_id=424","og_locale":"de_DE","og_type":"article","og_title":"Meine Arbeit - Schematherapie D\u00fcsseldorf","og_description":"Manchmal werde ich gefragt: \u201aSind Sie ein Doktor f\u00fcr Verr\u00fcckte?\u2018 \u201aNein\u2018, sage ich dann, \u201aich bin ein Doktor f\u00fcr ganz normale Menschen, \u2026 aber diejenigen, die zu mir kommen, sind meist in ganz verr\u00fcckten Situationen und Lebenslagen.\u2018 Die meisten meiner Klienten verstehen das, eben weil kein Mensch absichtlich Probleme hat oder f\u00fcr andere problematisch erscheinen [&hellip;]","og_url":"https:\/\/schematherapie-f\u00fcr-kinder.de\/?page_id=424","og_site_name":"Schematherapie D\u00fcsseldorf","article_publisher":"https:\/\/www.facebook.com\/schematherapyforchildren\/","article_modified_time":"2024-03-18T10:06:37+00:00","og_image":[{"width":2560,"height":1707,"url":"https:\/\/schematherapie-f\u00fcr-kinder.de\/wp-content\/uploads\/2020\/05\/rafal-rudol-KuxjNUBrf7I-unsplash-scaled.jpg","type":"image\/jpeg"}],"twitter_card":"summary_large_image","twitter_site":"@christofloose","twitter_misc":{"Gesch\u00e4tzte Lesezeit":"1\u00a0Minute"},"schema":{"@context":"https:\/\/schema.org","@graph":[{"@type":"WebPage","@id":"https:\/\/schematherapie-f\u00fcr-kinder.de\/?page_id=424","url":"https:\/\/schematherapie-f\u00fcr-kinder.de\/?page_id=424","name":"Meine Arbeit - Schematherapie D\u00fcsseldorf","isPartOf":{"@id":"https:\/\/schematherapie-f\u00fcr-kinder.de\/#website"},"primaryImageOfPage":{"@id":"https:\/\/schematherapie-f\u00fcr-kinder.de\/?page_id=424#primaryimage"},"image":{"@id":"https:\/\/schematherapie-f\u00fcr-kinder.de\/?page_id=424#primaryimage"},"thumbnailUrl":"https:\/\/schematherapie-f\u00fcr-kinder.de\/wp-content\/uploads\/2020\/05\/rafal-rudol-KuxjNUBrf7I-unsplash-scaled.jpg","datePublished":"2020-03-02T15:06:40+00:00","dateModified":"2024-03-18T10:06:37+00:00","breadcrumb":{"@id":"https:\/\/schematherapie-f\u00fcr-kinder.de\/?page_id=424#breadcrumb"},"inLanguage":"de","potentialAction":[{"@type":"ReadAction","target":["https:\/\/schematherapie-f\u00fcr-kinder.de\/?page_id=424"]}]},{"@type":"ImageObject","inLanguage":"de","@id":"https:\/\/schematherapie-f\u00fcr-kinder.de\/?page_id=424#primaryimage","url":"https:\/\/schematherapie-f\u00fcr-kinder.de\/wp-content\/uploads\/2020\/05\/rafal-rudol-KuxjNUBrf7I-unsplash-scaled.jpg","contentUrl":"https:\/\/schematherapie-f\u00fcr-kinder.de\/wp-content\/uploads\/2020\/05\/rafal-rudol-KuxjNUBrf7I-unsplash-scaled.jpg","width":2560,"height":1707},{"@type":"BreadcrumbList","@id":"https:\/\/schematherapie-f\u00fcr-kinder.de\/?page_id=424#breadcrumb","itemListElement":[{"@type":"ListItem","position":1,"name":"Startseite","item":"https:\/\/schematherapie-f\u00fcr-kinder.de\/"},{"@type":"ListItem","position":2,"name":"Meine Arbeit"}]},{"@type":"WebSite","@id":"https:\/\/schematherapie-f\u00fcr-kinder.de\/#website","url":"https:\/\/schematherapie-f\u00fcr-kinder.de\/","name":"Schematherapie D\u00fcsseldorf","description":"Dr. Christof Loose I Kinder- und Jugendlichenpsychotherapeut","publisher":{"@id":"https:\/\/schematherapie-f\u00fcr-kinder.de\/#organization"},"potentialAction":[{"@type":"SearchAction","target":{"@type":"EntryPoint","urlTemplate":"https:\/\/schematherapie-f\u00fcr-kinder.de\/?s={search_term_string}"},"query-input":{"@type":"PropertyValueSpecification","valueRequired":true,"valueName":"search_term_string"}}],"inLanguage":"de"},{"@type":"Organization","@id":"https:\/\/schematherapie-f\u00fcr-kinder.de\/#organization","name":"Schematherapie D\u00fcsseldorf Dr. Christof Loose","url":"https:\/\/schematherapie-f\u00fcr-kinder.de\/","logo":{"@type":"ImageObject","inLanguage":"de","@id":"https:\/\/schematherapie-f\u00fcr-kinder.de\/#\/schema\/logo\/image\/","url":"https:\/\/schematherapie-f\u00fcr-kinder.de\/wp-content\/uploads\/2020\/03\/cropped-image452-1.png","contentUrl":"https:\/\/schematherapie-f\u00fcr-kinder.de\/wp-content\/uploads\/2020\/03\/cropped-image452-1.png","width":221,"height":239,"caption":"Schematherapie D\u00fcsseldorf Dr. Christof Loose"},"image":{"@id":"https:\/\/schematherapie-f\u00fcr-kinder.de\/#\/schema\/logo\/image\/"},"sameAs":["https:\/\/www.facebook.com\/schematherapyforchildren\/","https:\/\/x.com\/christofloose"]}]}},"_links":{"self":[{"href":"https:\/\/schematherapie-f\u00fcr-kinder.de\/index.php?rest_route=\/wp\/v2\/pages\/424","targetHints":{"allow":["GET"]}}],"collection":[{"href":"https:\/\/schematherapie-f\u00fcr-kinder.de\/index.php?rest_route=\/wp\/v2\/pages"}],"about":[{"href":"https:\/\/schematherapie-f\u00fcr-kinder.de\/index.php?rest_route=\/wp\/v2\/types\/page"}],"author":[{"embeddable":true,"href":"https:\/\/schematherapie-f\u00fcr-kinder.de\/index.php?rest_route=\/wp\/v2\/users\/3"}],"replies":[{"embeddable":true,"href":"https:\/\/schematherapie-f\u00fcr-kinder.de\/index.php?rest_route=%2Fwp%2Fv2%2Fcomments&post=424"}],"version-history":[{"count":8,"href":"https:\/\/schematherapie-f\u00fcr-kinder.de\/index.php?rest_route=\/wp\/v2\/pages\/424\/revisions"}],"predecessor-version":[{"id":1534,"href":"https:\/\/schematherapie-f\u00fcr-kinder.de\/index.php?rest_route=\/wp\/v2\/pages\/424\/revisions\/1534"}],"wp:featuredmedia":[{"embeddable":true,"href":"https:\/\/schematherapie-f\u00fcr-kinder.de\/index.php?rest_route=\/wp\/v2\/media\/832"}],"wp:attachment":[{"href":"https:\/\/schematherapie-f\u00fcr-kinder.de\/index.php?rest_route=%2Fwp%2Fv2%2Fmedia&parent=424"}],"curies":[{"name":"wp","href":"https:\/\/api.w.org\/{rel}","templated":true}]}}