{"id":549,"date":"2020-03-24T09:43:07","date_gmt":"2020-03-24T09:43:07","guid":{"rendered":"https:\/\/fortbildung-loose.de\/?page_id=549"},"modified":"2024-03-18T10:57:06","modified_gmt":"2024-03-18T10:57:06","slug":"einfuehrung-in-die-schematherapie","status":"publish","type":"page","link":"https:\/\/schematherapie-f\u00fcr-kinder.de\/?page_id=549","title":{"rendered":"Einf\u00fchrung in die Schematherapie"},"content":{"rendered":"\t\t<div data-elementor-type=\"wp-page\" data-elementor-id=\"549\" class=\"elementor elementor-549\">\n\t\t\t\t\t\t<section class=\"elementor-section elementor-top-section elementor-element elementor-element-35b8a29 animated-slow elementor-section-boxed elementor-section-height-default elementor-section-height-default elementor-invisible\" data-id=\"35b8a29\" data-element_type=\"section\" data-e-type=\"section\" data-settings=\"{&quot;animation&quot;:&quot;zoomIn&quot;}\">\n\t\t\t\t\t\t<div class=\"elementor-container elementor-column-gap-default\">\n\t\t\t\t\t<div class=\"elementor-column elementor-col-25 elementor-top-column elementor-element elementor-element-edf22ab\" data-id=\"edf22ab\" data-element_type=\"column\" data-e-type=\"column\">\n\t\t\t<div class=\"elementor-widget-wrap elementor-element-populated\">\n\t\t\t\t\t\t<div class=\"elementor-element elementor-element-4c3b549 elementor-view-stacked elementor-shape-circle elementor-position-block-start elementor-mobile-position-block-start elementor-widget elementor-widget-icon-box\" data-id=\"4c3b549\" data-element_type=\"widget\" data-e-type=\"widget\" data-widget_type=\"icon-box.default\">\n\t\t\t\t<div class=\"elementor-widget-container\">\n\t\t\t\t\t\t\t<div class=\"elementor-icon-box-wrapper\">\n\n\t\t\t\t\t\t<div class=\"elementor-icon-box-icon\">\n\t\t\t\t<a href=\"https:\/\/schematherapie-f\u00fcr-kinder.de\/?page_id=773\" class=\"elementor-icon elementor-animation-grow\" tabindex=\"-1\" aria-label=\"Faszination Schematherapie\">\n\t\t\t\t<i aria-hidden=\"true\" class=\"fas fa-star\"><\/i>\t\t\t\t<\/a>\n\t\t\t<\/div>\n\t\t\t\n\t\t\t\t\t\t<div class=\"elementor-icon-box-content\">\n\n\t\t\t\t\t\t\t\t\t<h3 class=\"elementor-icon-box-title\">\n\t\t\t\t\t\t<a href=\"https:\/\/schematherapie-f\u00fcr-kinder.de\/?page_id=773\" >\n\t\t\t\t\t\t\tFaszination Schematherapie\t\t\t\t\t\t<\/a>\n\t\t\t\t\t<\/h3>\n\t\t\t\t\n\t\t\t\t\n\t\t\t<\/div>\n\t\t\t\n\t\t<\/div>\n\t\t\t\t\t\t<\/div>\n\t\t\t\t<\/div>\n\t\t\t\t\t<\/div>\n\t\t<\/div>\n\t\t\t\t<div class=\"elementor-column elementor-col-25 elementor-top-column elementor-element elementor-element-aea2e22\" data-id=\"aea2e22\" data-element_type=\"column\" data-e-type=\"column\">\n\t\t\t<div class=\"elementor-widget-wrap elementor-element-populated\">\n\t\t\t\t\t\t<div class=\"elementor-element elementor-element-e361cb6 elementor-view-stacked elementor-shape-circle elementor-position-block-start elementor-mobile-position-block-start elementor-widget elementor-widget-icon-box\" data-id=\"e361cb6\" data-element_type=\"widget\" data-e-type=\"widget\" data-widget_type=\"icon-box.default\">\n\t\t\t\t<div class=\"elementor-widget-container\">\n\t\t\t\t\t\t\t<div class=\"elementor-icon-box-wrapper\">\n\n\t\t\t\t\t\t<div class=\"elementor-icon-box-icon\">\n\t\t\t\t<a href=\"https:\/\/schematherapie-f\u00fcr-kinder.de\/?page_id=623\" class=\"elementor-icon elementor-animation-grow\" tabindex=\"-1\" aria-label=\"Theoretische Grundlagen\">\n\t\t\t\t<i aria-hidden=\"true\" class=\"fas fa-star\"><\/i>\t\t\t\t<\/a>\n\t\t\t<\/div>\n\t\t\t\n\t\t\t\t\t\t<div class=\"elementor-icon-box-content\">\n\n\t\t\t\t\t\t\t\t\t<h3 class=\"elementor-icon-box-title\">\n\t\t\t\t\t\t<a href=\"https:\/\/schematherapie-f\u00fcr-kinder.de\/?page_id=623\" >\n\t\t\t\t\t\t\tTheoretische Grundlagen\t\t\t\t\t\t<\/a>\n\t\t\t\t\t<\/h3>\n\t\t\t\t\n\t\t\t\t\n\t\t\t<\/div>\n\t\t\t\n\t\t<\/div>\n\t\t\t\t\t\t<\/div>\n\t\t\t\t<\/div>\n\t\t\t\t\t<\/div>\n\t\t<\/div>\n\t\t\t\t<div class=\"elementor-column elementor-col-25 elementor-top-column elementor-element elementor-element-c83d8e2\" data-id=\"c83d8e2\" data-element_type=\"column\" data-e-type=\"column\">\n\t\t\t<div class=\"elementor-widget-wrap elementor-element-populated\">\n\t\t\t\t\t\t<div class=\"elementor-element elementor-element-f360f0f elementor-view-stacked elementor-shape-circle elementor-position-block-start elementor-mobile-position-block-start elementor-widget elementor-widget-icon-box\" data-id=\"f360f0f\" data-element_type=\"widget\" data-e-type=\"widget\" data-widget_type=\"icon-box.default\">\n\t\t\t\t<div class=\"elementor-widget-container\">\n\t\t\t\t\t\t\t<div class=\"elementor-icon-box-wrapper\">\n\n\t\t\t\t\t\t<div class=\"elementor-icon-box-icon\">\n\t\t\t\t<a href=\"https:\/\/schematherapie-f\u00fcr-kinder.de\/?page_id=233\" class=\"elementor-icon elementor-animation-grow\" tabindex=\"-1\" aria-label=\"Schemageleitete P\u00e4dagogik\">\n\t\t\t\t<i aria-hidden=\"true\" class=\"fas fa-star\"><\/i>\t\t\t\t<\/a>\n\t\t\t<\/div>\n\t\t\t\n\t\t\t\t\t\t<div class=\"elementor-icon-box-content\">\n\n\t\t\t\t\t\t\t\t\t<h3 class=\"elementor-icon-box-title\">\n\t\t\t\t\t\t<a href=\"https:\/\/schematherapie-f\u00fcr-kinder.de\/?page_id=233\" >\n\t\t\t\t\t\t\tSchemageleitete P\u00e4dagogik\t\t\t\t\t\t<\/a>\n\t\t\t\t\t<\/h3>\n\t\t\t\t\n\t\t\t\t\n\t\t\t<\/div>\n\t\t\t\n\t\t<\/div>\n\t\t\t\t\t\t<\/div>\n\t\t\t\t<\/div>\n\t\t\t\t\t<\/div>\n\t\t<\/div>\n\t\t\t\t<div class=\"elementor-column elementor-col-25 elementor-top-column elementor-element elementor-element-b355112\" data-id=\"b355112\" data-element_type=\"column\" data-e-type=\"column\">\n\t\t\t<div class=\"elementor-widget-wrap elementor-element-populated\">\n\t\t\t\t\t\t<div class=\"elementor-element elementor-element-c18d1a2 elementor-view-stacked elementor-shape-circle elementor-position-block-start elementor-mobile-position-block-start elementor-widget elementor-widget-icon-box\" data-id=\"c18d1a2\" data-element_type=\"widget\" data-e-type=\"widget\" data-widget_type=\"icon-box.default\">\n\t\t\t\t<div class=\"elementor-widget-container\">\n\t\t\t\t\t\t\t<div class=\"elementor-icon-box-wrapper\">\n\n\t\t\t\t\t\t<div class=\"elementor-icon-box-icon\">\n\t\t\t\t<a href=\"https:\/\/schematherapie-f\u00fcr-kinder.de\/?page_id=234\" class=\"elementor-icon elementor-animation-grow\" tabindex=\"-1\" aria-label=\"Schema Coaching f\u00fcr Eltern \">\n\t\t\t\t<i aria-hidden=\"true\" class=\"fas fa-star\"><\/i>\t\t\t\t<\/a>\n\t\t\t<\/div>\n\t\t\t\n\t\t\t\t\t\t<div class=\"elementor-icon-box-content\">\n\n\t\t\t\t\t\t\t\t\t<h3 class=\"elementor-icon-box-title\">\n\t\t\t\t\t\t<a href=\"https:\/\/schematherapie-f\u00fcr-kinder.de\/?page_id=234\" >\n\t\t\t\t\t\t\tSchema Coaching f\u00fcr Eltern \t\t\t\t\t\t<\/a>\n\t\t\t\t\t<\/h3>\n\t\t\t\t\n\t\t\t\t\n\t\t\t<\/div>\n\t\t\t\n\t\t<\/div>\n\t\t\t\t\t\t<\/div>\n\t\t\t\t<\/div>\n\t\t\t\t\t<\/div>\n\t\t<\/div>\n\t\t\t\t\t<\/div>\n\t\t<\/section>\n\t\t\t\t<section class=\"elementor-section elementor-top-section elementor-element elementor-element-313503fe animated-slow elementor-section-boxed elementor-section-height-default elementor-section-height-default elementor-invisible\" data-id=\"313503fe\" data-element_type=\"section\" data-e-type=\"section\" data-settings=\"{&quot;animation&quot;:&quot;fadeInUp&quot;,&quot;animation_delay&quot;:2000}\">\n\t\t\t\t\t\t<div class=\"elementor-container elementor-column-gap-default\">\n\t\t\t\t\t<div class=\"elementor-column elementor-col-100 elementor-top-column elementor-element elementor-element-1be5daec\" data-id=\"1be5daec\" data-element_type=\"column\" data-e-type=\"column\">\n\t\t\t<div class=\"elementor-widget-wrap elementor-element-populated\">\n\t\t\t\t\t\t<div class=\"elementor-element elementor-element-4e56eaeb elementor-align-center elementor-widget elementor-widget-button\" data-id=\"4e56eaeb\" data-element_type=\"widget\" data-e-type=\"widget\" data-widget_type=\"button.default\">\n\t\t\t\t<div class=\"elementor-widget-container\">\n\t\t\t\t\t\t\t\t\t<div class=\"elementor-button-wrapper\">\n\t\t\t\t\t<a class=\"elementor-button elementor-button-link elementor-size-sm elementor-animation-grow\" href=\"https:\/\/schematherapie-f\u00fcr-kinder.de\/wp-content\/uploads\/2020\/05\/deutschsprachige_Literaturliste.pdf\" target=\"_blank\">\n\t\t\t\t\t\t<span class=\"elementor-button-content-wrapper\">\n\t\t\t\t\t\t\t\t\t<span class=\"elementor-button-text\">Literatur Schematherapie<\/span>\n\t\t\t\t\t<\/span>\n\t\t\t\t\t<\/a>\n\t\t\t\t<\/div>\n\t\t\t\t\t\t\t\t<\/div>\n\t\t\t\t<\/div>\n\t\t\t\t\t<\/div>\n\t\t<\/div>\n\t\t\t\t\t<\/div>\n\t\t<\/section>\n\t\t\t\t<\/div>\n\t\t","protected":false},"excerpt":{"rendered":"<p>Faszination Schematherapie Theoretische Grundlagen Schemageleitete P\u00e4dagogik Schema Coaching f\u00fcr Eltern Literatur Schematherapie<\/p>\n","protected":false},"author":3,"featured_media":591,"parent":0,"menu_order":0,"comment_status":"closed","ping_status":"closed","template":"","meta":{"footnotes":""},"class_list":["post-549","page","type-page","status-publish","has-post-thumbnail","hentry"],"yoast_head":"<!-- This site is optimized with the Yoast SEO plugin v27.3 - https:\/\/yoast.com\/product\/yoast-seo-wordpress\/ -->\n<title>Einf\u00fchrung in die Schematherapie - Schematherapie D\u00fcsseldorf<\/title>\n<meta name=\"robots\" content=\"index, follow, max-snippet:-1, max-image-preview:large, max-video-preview:-1\" \/>\n<link rel=\"canonical\" href=\"https:\/\/schematherapie-f\u00fcr-kinder.de\/?page_id=549\" \/>\n<meta property=\"og:locale\" content=\"de_DE\" \/>\n<meta property=\"og:type\" content=\"article\" \/>\n<meta property=\"og:title\" content=\"Einf\u00fchrung in die Schematherapie - Schematherapie D\u00fcsseldorf\" \/>\n<meta property=\"og:description\" content=\"Faszination Schematherapie Theoretische Grundlagen Schemageleitete P\u00e4dagogik Schema Coaching f\u00fcr Eltern Literatur Schematherapie\" \/>\n<meta property=\"og:url\" content=\"https:\/\/schematherapie-f\u00fcr-kinder.de\/?page_id=549\" \/>\n<meta property=\"og:site_name\" content=\"Schematherapie D\u00fcsseldorf\" \/>\n<meta property=\"article:publisher\" content=\"https:\/\/www.facebook.com\/schematherapyforchildren\/\" \/>\n<meta property=\"article:modified_time\" content=\"2024-03-18T10:57:06+00:00\" \/>\n<meta property=\"og:image\" content=\"https:\/\/schematherapie-f\u00fcr-kinder.de\/wp-content\/uploads\/2020\/03\/simon-rae-IGOBsR93I7Y-unsplash-scaled.jpg\" \/>\n\t<meta property=\"og:image:width\" content=\"2560\" \/>\n\t<meta property=\"og:image:height\" content=\"1707\" \/>\n\t<meta property=\"og:image:type\" content=\"image\/jpeg\" \/>\n<meta name=\"twitter:card\" content=\"summary_large_image\" \/>\n<meta name=\"twitter:site\" content=\"@christofloose\" \/>\n<script type=\"application\/ld+json\" class=\"yoast-schema-graph\">{\"@context\":\"https:\\\/\\\/schema.org\",\"@graph\":[{\"@type\":\"WebPage\",\"@id\":\"https:\\\/\\\/schematherapie-f\u00fcr-kinder.de\\\/?page_id=549\",\"url\":\"https:\\\/\\\/schematherapie-f\u00fcr-kinder.de\\\/?page_id=549\",\"name\":\"Einf\u00fchrung in die Schematherapie - Schematherapie D\u00fcsseldorf\",\"isPartOf\":{\"@id\":\"https:\\\/\\\/schematherapie-f\u00fcr-kinder.de\\\/#website\"},\"primaryImageOfPage\":{\"@id\":\"https:\\\/\\\/schematherapie-f\u00fcr-kinder.de\\\/?page_id=549#primaryimage\"},\"image\":{\"@id\":\"https:\\\/\\\/schematherapie-f\u00fcr-kinder.de\\\/?page_id=549#primaryimage\"},\"thumbnailUrl\":\"https:\\\/\\\/schematherapie-f\u00fcr-kinder.de\\\/wp-content\\\/uploads\\\/2020\\\/03\\\/simon-rae-IGOBsR93I7Y-unsplash-scaled.jpg\",\"datePublished\":\"2020-03-24T09:43:07+00:00\",\"dateModified\":\"2024-03-18T10:57:06+00:00\",\"breadcrumb\":{\"@id\":\"https:\\\/\\\/schematherapie-f\u00fcr-kinder.de\\\/?page_id=549#breadcrumb\"},\"inLanguage\":\"de\",\"potentialAction\":[{\"@type\":\"ReadAction\",\"target\":[\"https:\\\/\\\/schematherapie-f\u00fcr-kinder.de\\\/?page_id=549\"]}]},{\"@type\":\"ImageObject\",\"inLanguage\":\"de\",\"@id\":\"https:\\\/\\\/schematherapie-f\u00fcr-kinder.de\\\/?page_id=549#primaryimage\",\"url\":\"https:\\\/\\\/schematherapie-f\u00fcr-kinder.de\\\/wp-content\\\/uploads\\\/2020\\\/03\\\/simon-rae-IGOBsR93I7Y-unsplash-scaled.jpg\",\"contentUrl\":\"https:\\\/\\\/schematherapie-f\u00fcr-kinder.de\\\/wp-content\\\/uploads\\\/2020\\\/03\\\/simon-rae-IGOBsR93I7Y-unsplash-scaled.jpg\",\"width\":2560,\"height\":1707},{\"@type\":\"BreadcrumbList\",\"@id\":\"https:\\\/\\\/schematherapie-f\u00fcr-kinder.de\\\/?page_id=549#breadcrumb\",\"itemListElement\":[{\"@type\":\"ListItem\",\"position\":1,\"name\":\"Startseite\",\"item\":\"https:\\\/\\\/schematherapie-f\u00fcr-kinder.de\\\/\"},{\"@type\":\"ListItem\",\"position\":2,\"name\":\"Einf\u00fchrung in die Schematherapie\"}]},{\"@type\":\"WebSite\",\"@id\":\"https:\\\/\\\/schematherapie-f\u00fcr-kinder.de\\\/#website\",\"url\":\"https:\\\/\\\/schematherapie-f\u00fcr-kinder.de\\\/\",\"name\":\"Schematherapie D\u00fcsseldorf\",\"description\":\"Dr. Christof Loose I Kinder- und Jugendlichenpsychotherapeut\",\"publisher\":{\"@id\":\"https:\\\/\\\/schematherapie-f\u00fcr-kinder.de\\\/#organization\"},\"potentialAction\":[{\"@type\":\"SearchAction\",\"target\":{\"@type\":\"EntryPoint\",\"urlTemplate\":\"https:\\\/\\\/schematherapie-f\u00fcr-kinder.de\\\/?s={search_term_string}\"},\"query-input\":{\"@type\":\"PropertyValueSpecification\",\"valueRequired\":true,\"valueName\":\"search_term_string\"}}],\"inLanguage\":\"de\"},{\"@type\":\"Organization\",\"@id\":\"https:\\\/\\\/schematherapie-f\u00fcr-kinder.de\\\/#organization\",\"name\":\"Schematherapie D\u00fcsseldorf Dr. Christof Loose\",\"url\":\"https:\\\/\\\/schematherapie-f\u00fcr-kinder.de\\\/\",\"logo\":{\"@type\":\"ImageObject\",\"inLanguage\":\"de\",\"@id\":\"https:\\\/\\\/schematherapie-f\u00fcr-kinder.de\\\/#\\\/schema\\\/logo\\\/image\\\/\",\"url\":\"https:\\\/\\\/schematherapie-f\u00fcr-kinder.de\\\/wp-content\\\/uploads\\\/2020\\\/03\\\/cropped-image452-1.png\",\"contentUrl\":\"https:\\\/\\\/schematherapie-f\u00fcr-kinder.de\\\/wp-content\\\/uploads\\\/2020\\\/03\\\/cropped-image452-1.png\",\"width\":221,\"height\":239,\"caption\":\"Schematherapie D\u00fcsseldorf Dr. Christof Loose\"},\"image\":{\"@id\":\"https:\\\/\\\/schematherapie-f\u00fcr-kinder.de\\\/#\\\/schema\\\/logo\\\/image\\\/\"},\"sameAs\":[\"https:\\\/\\\/www.facebook.com\\\/schematherapyforchildren\\\/\",\"https:\\\/\\\/x.com\\\/christofloose\"]}]}<\/script>\n<!-- \/ Yoast SEO plugin. -->","yoast_head_json":{"title":"Einf\u00fchrung in die Schematherapie - Schematherapie D\u00fcsseldorf","robots":{"index":"index","follow":"follow","max-snippet":"max-snippet:-1","max-image-preview":"max-image-preview:large","max-video-preview":"max-video-preview:-1"},"canonical":"https:\/\/schematherapie-f\u00fcr-kinder.de\/?page_id=549","og_locale":"de_DE","og_type":"article","og_title":"Einf\u00fchrung in die Schematherapie - Schematherapie D\u00fcsseldorf","og_description":"Faszination Schematherapie Theoretische Grundlagen Schemageleitete P\u00e4dagogik Schema Coaching f\u00fcr Eltern Literatur Schematherapie","og_url":"https:\/\/schematherapie-f\u00fcr-kinder.de\/?page_id=549","og_site_name":"Schematherapie D\u00fcsseldorf","article_publisher":"https:\/\/www.facebook.com\/schematherapyforchildren\/","article_modified_time":"2024-03-18T10:57:06+00:00","og_image":[{"width":2560,"height":1707,"url":"https:\/\/schematherapie-f\u00fcr-kinder.de\/wp-content\/uploads\/2020\/03\/simon-rae-IGOBsR93I7Y-unsplash-scaled.jpg","type":"image\/jpeg"}],"twitter_card":"summary_large_image","twitter_site":"@christofloose","schema":{"@context":"https:\/\/schema.org","@graph":[{"@type":"WebPage","@id":"https:\/\/schematherapie-f\u00fcr-kinder.de\/?page_id=549","url":"https:\/\/schematherapie-f\u00fcr-kinder.de\/?page_id=549","name":"Einf\u00fchrung in die Schematherapie - Schematherapie D\u00fcsseldorf","isPartOf":{"@id":"https:\/\/schematherapie-f\u00fcr-kinder.de\/#website"},"primaryImageOfPage":{"@id":"https:\/\/schematherapie-f\u00fcr-kinder.de\/?page_id=549#primaryimage"},"image":{"@id":"https:\/\/schematherapie-f\u00fcr-kinder.de\/?page_id=549#primaryimage"},"thumbnailUrl":"https:\/\/schematherapie-f\u00fcr-kinder.de\/wp-content\/uploads\/2020\/03\/simon-rae-IGOBsR93I7Y-unsplash-scaled.jpg","datePublished":"2020-03-24T09:43:07+00:00","dateModified":"2024-03-18T10:57:06+00:00","breadcrumb":{"@id":"https:\/\/schematherapie-f\u00fcr-kinder.de\/?page_id=549#breadcrumb"},"inLanguage":"de","potentialAction":[{"@type":"ReadAction","target":["https:\/\/schematherapie-f\u00fcr-kinder.de\/?page_id=549"]}]},{"@type":"ImageObject","inLanguage":"de","@id":"https:\/\/schematherapie-f\u00fcr-kinder.de\/?page_id=549#primaryimage","url":"https:\/\/schematherapie-f\u00fcr-kinder.de\/wp-content\/uploads\/2020\/03\/simon-rae-IGOBsR93I7Y-unsplash-scaled.jpg","contentUrl":"https:\/\/schematherapie-f\u00fcr-kinder.de\/wp-content\/uploads\/2020\/03\/simon-rae-IGOBsR93I7Y-unsplash-scaled.jpg","width":2560,"height":1707},{"@type":"BreadcrumbList","@id":"https:\/\/schematherapie-f\u00fcr-kinder.de\/?page_id=549#breadcrumb","itemListElement":[{"@type":"ListItem","position":1,"name":"Startseite","item":"https:\/\/schematherapie-f\u00fcr-kinder.de\/"},{"@type":"ListItem","position":2,"name":"Einf\u00fchrung in die Schematherapie"}]},{"@type":"WebSite","@id":"https:\/\/schematherapie-f\u00fcr-kinder.de\/#website","url":"https:\/\/schematherapie-f\u00fcr-kinder.de\/","name":"Schematherapie D\u00fcsseldorf","description":"Dr. Christof Loose I Kinder- und Jugendlichenpsychotherapeut","publisher":{"@id":"https:\/\/schematherapie-f\u00fcr-kinder.de\/#organization"},"potentialAction":[{"@type":"SearchAction","target":{"@type":"EntryPoint","urlTemplate":"https:\/\/schematherapie-f\u00fcr-kinder.de\/?s={search_term_string}"},"query-input":{"@type":"PropertyValueSpecification","valueRequired":true,"valueName":"search_term_string"}}],"inLanguage":"de"},{"@type":"Organization","@id":"https:\/\/schematherapie-f\u00fcr-kinder.de\/#organization","name":"Schematherapie D\u00fcsseldorf Dr. Christof Loose","url":"https:\/\/schematherapie-f\u00fcr-kinder.de\/","logo":{"@type":"ImageObject","inLanguage":"de","@id":"https:\/\/schematherapie-f\u00fcr-kinder.de\/#\/schema\/logo\/image\/","url":"https:\/\/schematherapie-f\u00fcr-kinder.de\/wp-content\/uploads\/2020\/03\/cropped-image452-1.png","contentUrl":"https:\/\/schematherapie-f\u00fcr-kinder.de\/wp-content\/uploads\/2020\/03\/cropped-image452-1.png","width":221,"height":239,"caption":"Schematherapie D\u00fcsseldorf Dr. Christof Loose"},"image":{"@id":"https:\/\/schematherapie-f\u00fcr-kinder.de\/#\/schema\/logo\/image\/"},"sameAs":["https:\/\/www.facebook.com\/schematherapyforchildren\/","https:\/\/x.com\/christofloose"]}]}},"_links":{"self":[{"href":"https:\/\/schematherapie-f\u00fcr-kinder.de\/index.php?rest_route=\/wp\/v2\/pages\/549","targetHints":{"allow":["GET"]}}],"collection":[{"href":"https:\/\/schematherapie-f\u00fcr-kinder.de\/index.php?rest_route=\/wp\/v2\/pages"}],"about":[{"href":"https:\/\/schematherapie-f\u00fcr-kinder.de\/index.php?rest_route=\/wp\/v2\/types\/page"}],"author":[{"embeddable":true,"href":"https:\/\/schematherapie-f\u00fcr-kinder.de\/index.php?rest_route=\/wp\/v2\/users\/3"}],"replies":[{"embeddable":true,"href":"https:\/\/schematherapie-f\u00fcr-kinder.de\/index.php?rest_route=%2Fwp%2Fv2%2Fcomments&post=549"}],"version-history":[{"count":31,"href":"https:\/\/schematherapie-f\u00fcr-kinder.de\/index.php?rest_route=\/wp\/v2\/pages\/549\/revisions"}],"predecessor-version":[{"id":1607,"href":"https:\/\/schematherapie-f\u00fcr-kinder.de\/index.php?rest_route=\/wp\/v2\/pages\/549\/revisions\/1607"}],"wp:featuredmedia":[{"embeddable":true,"href":"https:\/\/schematherapie-f\u00fcr-kinder.de\/index.php?rest_route=\/wp\/v2\/media\/591"}],"wp:attachment":[{"href":"https:\/\/schematherapie-f\u00fcr-kinder.de\/index.php?rest_route=%2Fwp%2Fv2%2Fmedia&parent=549"}],"curies":[{"name":"wp","href":"https:\/\/api.w.org\/{rel}","templated":true}]}}