{"id":773,"date":"2020-05-06T15:19:22","date_gmt":"2020-05-06T15:19:22","guid":{"rendered":"https:\/\/fortbildung-loose.de\/?page_id=773"},"modified":"2024-03-18T10:13:05","modified_gmt":"2024-03-18T10:13:05","slug":"faszination-schematherapie","status":"publish","type":"page","link":"https:\/\/schematherapie-f\u00fcr-kinder.de\/?page_id=773","title":{"rendered":"Faszination Schematherapie"},"content":{"rendered":"\t\t<div data-elementor-type=\"wp-page\" data-elementor-id=\"773\" class=\"elementor elementor-773\">\n\t\t\t\t\t\t<section class=\"elementor-section elementor-top-section elementor-element elementor-element-0797689 elementor-section-boxed elementor-section-height-default elementor-section-height-default\" data-id=\"0797689\" data-element_type=\"section\" data-e-type=\"section\">\n\t\t\t\t\t\t<div class=\"elementor-container elementor-column-gap-default\">\n\t\t\t\t\t<div class=\"elementor-column elementor-col-33 elementor-top-column elementor-element elementor-element-481a243\" data-id=\"481a243\" data-element_type=\"column\" data-e-type=\"column\">\n\t\t\t<div class=\"elementor-widget-wrap elementor-element-populated\">\n\t\t\t\t\t\t<div class=\"elementor-element elementor-element-3d8c1e4 animated-slow elementor-invisible elementor-widget elementor-widget-image\" data-id=\"3d8c1e4\" data-element_type=\"widget\" data-e-type=\"widget\" data-settings=\"{&quot;_animation&quot;:&quot;zoomIn&quot;}\" data-widget_type=\"image.default\">\n\t\t\t\t<div class=\"elementor-widget-container\">\n\t\t\t\t\t\t\t\t\t\t\t\t\t\t\t<img fetchpriority=\"high\" decoding=\"async\" width=\"216\" height=\"300\" src=\"https:\/\/schematherapie-f\u00fcr-kinder.de\/wp-content\/uploads\/2022\/12\/CL-Homepage-216x300.jpg\" class=\"attachment-medium size-medium wp-image-1359\" alt=\"\" srcset=\"https:\/\/schematherapie-f\u00fcr-kinder.de\/wp-content\/uploads\/2022\/12\/CL-Homepage-216x300.jpg 216w, https:\/\/schematherapie-f\u00fcr-kinder.de\/wp-content\/uploads\/2022\/12\/CL-Homepage.jpg 626w\" sizes=\"(max-width: 216px) 100vw, 216px\" \/>\t\t\t\t\t\t\t\t\t\t\t\t\t\t\t<\/div>\n\t\t\t\t<\/div>\n\t\t\t\t\t<\/div>\n\t\t<\/div>\n\t\t\t\t<div class=\"elementor-column elementor-col-66 elementor-top-column elementor-element elementor-element-5397edc\" data-id=\"5397edc\" data-element_type=\"column\" data-e-type=\"column\">\n\t\t\t<div class=\"elementor-widget-wrap elementor-element-populated\">\n\t\t\t\t\t\t<div class=\"elementor-element elementor-element-ead389d animated-slow elementor-invisible elementor-widget elementor-widget-text-editor\" data-id=\"ead389d\" data-element_type=\"widget\" data-e-type=\"widget\" data-settings=\"{&quot;_animation&quot;:&quot;zoomIn&quot;}\" data-widget_type=\"text-editor.default\">\n\t\t\t\t<div class=\"elementor-widget-container\">\n\t\t\t\t\t\t\t\t\t<p>Am meisten fasziniert mich an der Schematherapie die Methodenvielfalt und vor allem die Herzlichkeit und W\u00e4rme, die den Klienten zuteil wird.\u00a0<\/p><p>In der Arbeit mit Kindern und Jugendlichen k\u00f6nnen wir durch besonders kreative, spielerische und altersgerechte Techniken \u00fcberzeugen.<\/p><p>Und in der Arbeit mit Eltern gehen wir oft \u00fcber das Beratungsangebot hinaus, und helfen Eltern, ihre Schwierigkeiten in der Erziehung und wenig hilfreichen Muster (Schemata) aus ihrer eigenen Kindheit zu erkennen und zu \u00fcberwinden. Dadurch lernen sie, ihre eigenen Bed\u00fcrfnisse und die ihrer Kinder besser zu erkennen und angemessen zu befriedigen.<\/p><p>In meinen Augen ist die Schematherapie ein rundum gelungener, empathischer und effektiver Therapieansatz. Es ist faszinierend, wie gut es von Kindern, Jugendlichen und Eltern angenommen und die Inhalte auch auf Verhaltensebene umgesetzt werden k\u00f6nnen.<\/p>\t\t\t\t\t\t\t\t<\/div>\n\t\t\t\t<\/div>\n\t\t\t\t\t<\/div>\n\t\t<\/div>\n\t\t\t\t\t<\/div>\n\t\t<\/section>\n\t\t\t\t<\/div>\n\t\t","protected":false},"excerpt":{"rendered":"<p>Am meisten fasziniert mich an der Schematherapie die Methodenvielfalt und vor allem die Herzlichkeit und W\u00e4rme, die den Klienten zuteil wird.\u00a0 In der Arbeit mit Kindern und Jugendlichen k\u00f6nnen wir durch besonders kreative, spielerische und altersgerechte Techniken \u00fcberzeugen. Und in der Arbeit mit Eltern gehen wir oft \u00fcber das Beratungsangebot hinaus, und helfen Eltern, ihre [&hellip;]<\/p>\n","protected":false},"author":3,"featured_media":788,"parent":0,"menu_order":0,"comment_status":"closed","ping_status":"closed","template":"","meta":{"footnotes":""},"class_list":["post-773","page","type-page","status-publish","has-post-thumbnail","hentry"],"yoast_head":"<!-- This site is optimized with the Yoast SEO plugin v27.3 - https:\/\/yoast.com\/product\/yoast-seo-wordpress\/ -->\n<title>Faszination Schematherapie - Schematherapie D\u00fcsseldorf<\/title>\n<meta name=\"robots\" content=\"index, follow, max-snippet:-1, max-image-preview:large, max-video-preview:-1\" \/>\n<link rel=\"canonical\" href=\"https:\/\/schematherapie-f\u00fcr-kinder.de\/?page_id=773\" \/>\n<meta property=\"og:locale\" content=\"de_DE\" \/>\n<meta property=\"og:type\" content=\"article\" \/>\n<meta property=\"og:title\" content=\"Faszination Schematherapie - Schematherapie D\u00fcsseldorf\" \/>\n<meta property=\"og:description\" content=\"Am meisten fasziniert mich an der Schematherapie die Methodenvielfalt und vor allem die Herzlichkeit und W\u00e4rme, die den Klienten zuteil wird.\u00a0 In der Arbeit mit Kindern und Jugendlichen k\u00f6nnen wir durch besonders kreative, spielerische und altersgerechte Techniken \u00fcberzeugen. Und in der Arbeit mit Eltern gehen wir oft \u00fcber das Beratungsangebot hinaus, und helfen Eltern, ihre [&hellip;]\" \/>\n<meta property=\"og:url\" content=\"https:\/\/schematherapie-f\u00fcr-kinder.de\/?page_id=773\" \/>\n<meta property=\"og:site_name\" content=\"Schematherapie D\u00fcsseldorf\" \/>\n<meta property=\"article:publisher\" content=\"https:\/\/www.facebook.com\/schematherapyforchildren\/\" \/>\n<meta property=\"article:modified_time\" content=\"2024-03-18T10:13:05+00:00\" \/>\n<meta property=\"og:image\" content=\"https:\/\/schematherapie-f\u00fcr-kinder.de\/wp-content\/uploads\/2020\/05\/minerva-arendt-K8iR4dX_qyo-unsplash-1-scaled.jpg\" \/>\n\t<meta property=\"og:image:width\" content=\"2560\" \/>\n\t<meta property=\"og:image:height\" content=\"1438\" \/>\n\t<meta property=\"og:image:type\" content=\"image\/jpeg\" \/>\n<meta name=\"twitter:card\" content=\"summary_large_image\" \/>\n<meta name=\"twitter:site\" content=\"@christofloose\" \/>\n<meta name=\"twitter:label1\" content=\"Gesch\u00e4tzte Lesezeit\" \/>\n\t<meta name=\"twitter:data1\" content=\"1\u00a0Minute\" \/>\n<script type=\"application\/ld+json\" class=\"yoast-schema-graph\">{\"@context\":\"https:\\\/\\\/schema.org\",\"@graph\":[{\"@type\":\"WebPage\",\"@id\":\"https:\\\/\\\/schematherapie-f\u00fcr-kinder.de\\\/?page_id=773\",\"url\":\"https:\\\/\\\/schematherapie-f\u00fcr-kinder.de\\\/?page_id=773\",\"name\":\"Faszination Schematherapie - Schematherapie D\u00fcsseldorf\",\"isPartOf\":{\"@id\":\"https:\\\/\\\/schematherapie-f\u00fcr-kinder.de\\\/#website\"},\"primaryImageOfPage\":{\"@id\":\"https:\\\/\\\/schematherapie-f\u00fcr-kinder.de\\\/?page_id=773#primaryimage\"},\"image\":{\"@id\":\"https:\\\/\\\/schematherapie-f\u00fcr-kinder.de\\\/?page_id=773#primaryimage\"},\"thumbnailUrl\":\"https:\\\/\\\/schematherapie-f\u00fcr-kinder.de\\\/wp-content\\\/uploads\\\/2020\\\/05\\\/minerva-arendt-K8iR4dX_qyo-unsplash-1-scaled.jpg\",\"datePublished\":\"2020-05-06T15:19:22+00:00\",\"dateModified\":\"2024-03-18T10:13:05+00:00\",\"breadcrumb\":{\"@id\":\"https:\\\/\\\/schematherapie-f\u00fcr-kinder.de\\\/?page_id=773#breadcrumb\"},\"inLanguage\":\"de\",\"potentialAction\":[{\"@type\":\"ReadAction\",\"target\":[\"https:\\\/\\\/schematherapie-f\u00fcr-kinder.de\\\/?page_id=773\"]}]},{\"@type\":\"ImageObject\",\"inLanguage\":\"de\",\"@id\":\"https:\\\/\\\/schematherapie-f\u00fcr-kinder.de\\\/?page_id=773#primaryimage\",\"url\":\"https:\\\/\\\/schematherapie-f\u00fcr-kinder.de\\\/wp-content\\\/uploads\\\/2020\\\/05\\\/minerva-arendt-K8iR4dX_qyo-unsplash-1-scaled.jpg\",\"contentUrl\":\"https:\\\/\\\/schematherapie-f\u00fcr-kinder.de\\\/wp-content\\\/uploads\\\/2020\\\/05\\\/minerva-arendt-K8iR4dX_qyo-unsplash-1-scaled.jpg\",\"width\":2560,\"height\":1438},{\"@type\":\"BreadcrumbList\",\"@id\":\"https:\\\/\\\/schematherapie-f\u00fcr-kinder.de\\\/?page_id=773#breadcrumb\",\"itemListElement\":[{\"@type\":\"ListItem\",\"position\":1,\"name\":\"Startseite\",\"item\":\"https:\\\/\\\/schematherapie-f\u00fcr-kinder.de\\\/\"},{\"@type\":\"ListItem\",\"position\":2,\"name\":\"Faszination Schematherapie\"}]},{\"@type\":\"WebSite\",\"@id\":\"https:\\\/\\\/schematherapie-f\u00fcr-kinder.de\\\/#website\",\"url\":\"https:\\\/\\\/schematherapie-f\u00fcr-kinder.de\\\/\",\"name\":\"Schematherapie D\u00fcsseldorf\",\"description\":\"Dr. Christof Loose I Kinder- und Jugendlichenpsychotherapeut\",\"publisher\":{\"@id\":\"https:\\\/\\\/schematherapie-f\u00fcr-kinder.de\\\/#organization\"},\"potentialAction\":[{\"@type\":\"SearchAction\",\"target\":{\"@type\":\"EntryPoint\",\"urlTemplate\":\"https:\\\/\\\/schematherapie-f\u00fcr-kinder.de\\\/?s={search_term_string}\"},\"query-input\":{\"@type\":\"PropertyValueSpecification\",\"valueRequired\":true,\"valueName\":\"search_term_string\"}}],\"inLanguage\":\"de\"},{\"@type\":\"Organization\",\"@id\":\"https:\\\/\\\/schematherapie-f\u00fcr-kinder.de\\\/#organization\",\"name\":\"Schematherapie D\u00fcsseldorf Dr. Christof Loose\",\"url\":\"https:\\\/\\\/schematherapie-f\u00fcr-kinder.de\\\/\",\"logo\":{\"@type\":\"ImageObject\",\"inLanguage\":\"de\",\"@id\":\"https:\\\/\\\/schematherapie-f\u00fcr-kinder.de\\\/#\\\/schema\\\/logo\\\/image\\\/\",\"url\":\"https:\\\/\\\/schematherapie-f\u00fcr-kinder.de\\\/wp-content\\\/uploads\\\/2020\\\/03\\\/cropped-image452-1.png\",\"contentUrl\":\"https:\\\/\\\/schematherapie-f\u00fcr-kinder.de\\\/wp-content\\\/uploads\\\/2020\\\/03\\\/cropped-image452-1.png\",\"width\":221,\"height\":239,\"caption\":\"Schematherapie D\u00fcsseldorf Dr. Christof Loose\"},\"image\":{\"@id\":\"https:\\\/\\\/schematherapie-f\u00fcr-kinder.de\\\/#\\\/schema\\\/logo\\\/image\\\/\"},\"sameAs\":[\"https:\\\/\\\/www.facebook.com\\\/schematherapyforchildren\\\/\",\"https:\\\/\\\/x.com\\\/christofloose\"]}]}<\/script>\n<!-- \/ Yoast SEO plugin. -->","yoast_head_json":{"title":"Faszination Schematherapie - Schematherapie D\u00fcsseldorf","robots":{"index":"index","follow":"follow","max-snippet":"max-snippet:-1","max-image-preview":"max-image-preview:large","max-video-preview":"max-video-preview:-1"},"canonical":"https:\/\/schematherapie-f\u00fcr-kinder.de\/?page_id=773","og_locale":"de_DE","og_type":"article","og_title":"Faszination Schematherapie - Schematherapie D\u00fcsseldorf","og_description":"Am meisten fasziniert mich an der Schematherapie die Methodenvielfalt und vor allem die Herzlichkeit und W\u00e4rme, die den Klienten zuteil wird.\u00a0 In der Arbeit mit Kindern und Jugendlichen k\u00f6nnen wir durch besonders kreative, spielerische und altersgerechte Techniken \u00fcberzeugen. Und in der Arbeit mit Eltern gehen wir oft \u00fcber das Beratungsangebot hinaus, und helfen Eltern, ihre [&hellip;]","og_url":"https:\/\/schematherapie-f\u00fcr-kinder.de\/?page_id=773","og_site_name":"Schematherapie D\u00fcsseldorf","article_publisher":"https:\/\/www.facebook.com\/schematherapyforchildren\/","article_modified_time":"2024-03-18T10:13:05+00:00","og_image":[{"width":2560,"height":1438,"url":"https:\/\/schematherapie-f\u00fcr-kinder.de\/wp-content\/uploads\/2020\/05\/minerva-arendt-K8iR4dX_qyo-unsplash-1-scaled.jpg","type":"image\/jpeg"}],"twitter_card":"summary_large_image","twitter_site":"@christofloose","twitter_misc":{"Gesch\u00e4tzte Lesezeit":"1\u00a0Minute"},"schema":{"@context":"https:\/\/schema.org","@graph":[{"@type":"WebPage","@id":"https:\/\/schematherapie-f\u00fcr-kinder.de\/?page_id=773","url":"https:\/\/schematherapie-f\u00fcr-kinder.de\/?page_id=773","name":"Faszination Schematherapie - Schematherapie D\u00fcsseldorf","isPartOf":{"@id":"https:\/\/schematherapie-f\u00fcr-kinder.de\/#website"},"primaryImageOfPage":{"@id":"https:\/\/schematherapie-f\u00fcr-kinder.de\/?page_id=773#primaryimage"},"image":{"@id":"https:\/\/schematherapie-f\u00fcr-kinder.de\/?page_id=773#primaryimage"},"thumbnailUrl":"https:\/\/schematherapie-f\u00fcr-kinder.de\/wp-content\/uploads\/2020\/05\/minerva-arendt-K8iR4dX_qyo-unsplash-1-scaled.jpg","datePublished":"2020-05-06T15:19:22+00:00","dateModified":"2024-03-18T10:13:05+00:00","breadcrumb":{"@id":"https:\/\/schematherapie-f\u00fcr-kinder.de\/?page_id=773#breadcrumb"},"inLanguage":"de","potentialAction":[{"@type":"ReadAction","target":["https:\/\/schematherapie-f\u00fcr-kinder.de\/?page_id=773"]}]},{"@type":"ImageObject","inLanguage":"de","@id":"https:\/\/schematherapie-f\u00fcr-kinder.de\/?page_id=773#primaryimage","url":"https:\/\/schematherapie-f\u00fcr-kinder.de\/wp-content\/uploads\/2020\/05\/minerva-arendt-K8iR4dX_qyo-unsplash-1-scaled.jpg","contentUrl":"https:\/\/schematherapie-f\u00fcr-kinder.de\/wp-content\/uploads\/2020\/05\/minerva-arendt-K8iR4dX_qyo-unsplash-1-scaled.jpg","width":2560,"height":1438},{"@type":"BreadcrumbList","@id":"https:\/\/schematherapie-f\u00fcr-kinder.de\/?page_id=773#breadcrumb","itemListElement":[{"@type":"ListItem","position":1,"name":"Startseite","item":"https:\/\/schematherapie-f\u00fcr-kinder.de\/"},{"@type":"ListItem","position":2,"name":"Faszination Schematherapie"}]},{"@type":"WebSite","@id":"https:\/\/schematherapie-f\u00fcr-kinder.de\/#website","url":"https:\/\/schematherapie-f\u00fcr-kinder.de\/","name":"Schematherapie D\u00fcsseldorf","description":"Dr. Christof Loose I Kinder- und Jugendlichenpsychotherapeut","publisher":{"@id":"https:\/\/schematherapie-f\u00fcr-kinder.de\/#organization"},"potentialAction":[{"@type":"SearchAction","target":{"@type":"EntryPoint","urlTemplate":"https:\/\/schematherapie-f\u00fcr-kinder.de\/?s={search_term_string}"},"query-input":{"@type":"PropertyValueSpecification","valueRequired":true,"valueName":"search_term_string"}}],"inLanguage":"de"},{"@type":"Organization","@id":"https:\/\/schematherapie-f\u00fcr-kinder.de\/#organization","name":"Schematherapie D\u00fcsseldorf Dr. Christof Loose","url":"https:\/\/schematherapie-f\u00fcr-kinder.de\/","logo":{"@type":"ImageObject","inLanguage":"de","@id":"https:\/\/schematherapie-f\u00fcr-kinder.de\/#\/schema\/logo\/image\/","url":"https:\/\/schematherapie-f\u00fcr-kinder.de\/wp-content\/uploads\/2020\/03\/cropped-image452-1.png","contentUrl":"https:\/\/schematherapie-f\u00fcr-kinder.de\/wp-content\/uploads\/2020\/03\/cropped-image452-1.png","width":221,"height":239,"caption":"Schematherapie D\u00fcsseldorf Dr. Christof Loose"},"image":{"@id":"https:\/\/schematherapie-f\u00fcr-kinder.de\/#\/schema\/logo\/image\/"},"sameAs":["https:\/\/www.facebook.com\/schematherapyforchildren\/","https:\/\/x.com\/christofloose"]}]}},"_links":{"self":[{"href":"https:\/\/schematherapie-f\u00fcr-kinder.de\/index.php?rest_route=\/wp\/v2\/pages\/773","targetHints":{"allow":["GET"]}}],"collection":[{"href":"https:\/\/schematherapie-f\u00fcr-kinder.de\/index.php?rest_route=\/wp\/v2\/pages"}],"about":[{"href":"https:\/\/schematherapie-f\u00fcr-kinder.de\/index.php?rest_route=\/wp\/v2\/types\/page"}],"author":[{"embeddable":true,"href":"https:\/\/schematherapie-f\u00fcr-kinder.de\/index.php?rest_route=\/wp\/v2\/users\/3"}],"replies":[{"embeddable":true,"href":"https:\/\/schematherapie-f\u00fcr-kinder.de\/index.php?rest_route=%2Fwp%2Fv2%2Fcomments&post=773"}],"version-history":[{"count":12,"href":"https:\/\/schematherapie-f\u00fcr-kinder.de\/index.php?rest_route=\/wp\/v2\/pages\/773\/revisions"}],"predecessor-version":[{"id":1541,"href":"https:\/\/schematherapie-f\u00fcr-kinder.de\/index.php?rest_route=\/wp\/v2\/pages\/773\/revisions\/1541"}],"wp:featuredmedia":[{"embeddable":true,"href":"https:\/\/schematherapie-f\u00fcr-kinder.de\/index.php?rest_route=\/wp\/v2\/media\/788"}],"wp:attachment":[{"href":"https:\/\/schematherapie-f\u00fcr-kinder.de\/index.php?rest_route=%2Fwp%2Fv2%2Fmedia&parent=773"}],"curies":[{"name":"wp","href":"https:\/\/api.w.org\/{rel}","templated":true}]}}